{"id":950,"date":"2019-06-15T14:09:05","date_gmt":"2019-06-15T12:09:05","guid":{"rendered":"https:\/\/www.einsiedeln.bike\/cms\/?page_id=950"},"modified":"2020-06-28T18:52:04","modified_gmt":"2020-06-28T16:52:04","slug":"raten-zugersee-steinerberg","status":"publish","type":"page","link":"https:\/\/www.einsiedeln.bike\/cms\/rundtouren\/raten-zugersee-steinerberg\/","title":{"rendered":"Raten &#8211; Zugersee &#8211; Steinerberg"},"content":{"rendered":"\t\t<div id=\"maps-marker-pro-58101c20\" class=\"maps-marker-pro\" style=\"width: 100%;\">\n\t\t\t<div id=\"mmp-map-wrap-58101c20\" class=\"mmp-map-wrap\">\n\t\t\t\t\t\t\t\t\t<div id=\"mmp-panel-58101c20\" class=\"mmp-panel\"><\/div>\n\t\t\t\t\t\t\t\t<div id=\"mmp-map-58101c20\" class=\"mmp-map\" style=\"height: 450px;\"><\/div>\n\t\t\t\t\t\t\t\t\t<div id=\"mmp-chart-wrap-58101c20\" class=\"mmp-gpx-chart-wrap\" style=\"height: 100px;\"><\/div>\n\t\t\t\t\t\t\t<\/div>\n\t\t\t\t\t<\/div>\n\t\t\n<p><a href=\"https:\/\/www.einsiedeln.bike\/cms\/index.php?mapsmarkerpro=download_gpx&amp;url=https:\/\/www.einsiedeln.bike\/cms\/wp-content\/uploads\/2019\/06\/raten-zugersee-steinerberg-road.gpx\"><i class=\"wp-svg-safari safari\"><\/i> GPX-Download<\/a><\/p>\n<p><strong>Eine klassische Rennradtour welche zwei angenehme Anstiege und einen Rollerabschnitt entlang des Zugersees bietet.<\/strong><\/p>\n<p>Wir verlassen Einsiedeln via Z\u00fcrichstrasse in Richtung Biberbrugg, wo wir beim Kreisel in Richtung Schwyz abzweigen und f\u00fcr 900 Meter die vielbefahrene Hauptstrasse H8 benutzen. Es geht jedoch gleich rechts weg in Richtung Raten. Nun folgt eine moderate Steigung zum Ratenpass, in welcher wir die ersten 250 H\u00f6henmeter \u00fcberwinden. Auf der Passh\u00f6he \u00f6ffnet sich der Ausblick ins wundersch\u00f6ne \u00c4gerital. In flottem Tempo geht es nach Ober\u00e4geri hinunter, wo wir rechts in die Talstrasse einm\u00fcnden. Nach einigen flachen Kilometern entlang des \u00c4gerisees f\u00e4llt die Strasse erneut ab und wir brausen weiter nach Zug, wo wir am Kolinplatz links abzweigen. Die Route f\u00fchrt uns nun f\u00fcr rund 12 Kilometer flach dem Ostufer des Zugersees folgend bis an dessen s\u00fcdliches Ende nach Arth. In Arth verlassen wir das Seeufer, sp\u00e4testens bei der Abzweigung beim R\u00f6ssli, allenfalls schon fr\u00fcher durch die Quartierstrasse (wie in der obigen Route dargestellt). Via Oberarth &#8211; Goldau gehts den bekannten Goldauer Tierpark passierend nun wieder leicht ansteigend weiter. Bei der Y-Verzweigung ausgangs Goldau nehmen wir die linke Option und biegen in die Steinerbergstrasse ein. In einer angenehmen, gleichm\u00e4ssigen Steigung geht es 350 H\u00f6henmeter nach Sattel hoch, wo wir wieder die Hauptstrasse H8 erreichen. Wer den vielen Verkehr auf der H8 nicht scheut, kann diese Strasse nehmen. Sch\u00f6ner ist sicher die parallel verlaufende, etwas versteckte Nebenstrasse nach Rothenturm, welche der Veloland Schweiz Route 9 folgt. In Rothenturm&nbsp; gibt es dann keine Optionen mehr (zumindest nicht f\u00fcr Rennradfahrer) und wir m\u00fcssen f\u00fcr einige Kilometer auf die Hauptstrasse. Immerhin verf\u00fcgt diese \u00fcber einen Radstreifen. Kurz vor Ortbeginn Schwyzerbrugg, die Strasse ist hier wieder leicht abfallend, biegen wir rechts ab nach Bennau. Es warten noch knapp 100 H\u00f6henmeter zum Schnabelsberg, ehe wir zu unserer rechten die Sprungschanze Einsiedeln passierend, zur\u00fcck zum Ausgangspunkt finden.<\/p>\n","protected":false},"excerpt":{"rendered":"<p>Kurzweilige Rennrad-Tour durchs \u00c4gerital an den Zugersee und via Sattel zur\u00fcck nach Einsiedeln.<\/p>\n","protected":false},"author":1,"featured_media":852,"parent":269,"menu_order":0,"comment_status":"open","ping_status":"closed","template":"","meta":{"_acf_changed":false,"_seopress_robots_primary_cat":"","_seopress_titles_title":"","_seopress_titles_desc":"","_seopress_robots_index":"","dwc-title":[""],"dwc-content":[""],"ngg_post_thumbnail":0,"footnotes":""},"categories":[4],"tags":[38],"class_list":{"0":"post-950","1":"page","2":"type-page","3":"status-publish","4":"has-post-thumbnail","6":"category-rennrad","7":"tag-zugersee"},"acf":{"gpx-download":""},"_links":{"self":[{"href":"https:\/\/www.einsiedeln.bike\/cms\/wp-json\/wp\/v2\/pages\/950","targetHints":{"allow":["GET"]}}],"collection":[{"href":"https:\/\/www.einsiedeln.bike\/cms\/wp-json\/wp\/v2\/pages"}],"about":[{"href":"https:\/\/www.einsiedeln.bike\/cms\/wp-json\/wp\/v2\/types\/page"}],"author":[{"embeddable":true,"href":"https:\/\/www.einsiedeln.bike\/cms\/wp-json\/wp\/v2\/users\/1"}],"replies":[{"embeddable":true,"href":"https:\/\/www.einsiedeln.bike\/cms\/wp-json\/wp\/v2\/comments?post=950"}],"version-history":[{"count":8,"href":"https:\/\/www.einsiedeln.bike\/cms\/wp-json\/wp\/v2\/pages\/950\/revisions"}],"predecessor-version":[{"id":1379,"href":"https:\/\/www.einsiedeln.bike\/cms\/wp-json\/wp\/v2\/pages\/950\/revisions\/1379"}],"up":[{"embeddable":true,"href":"https:\/\/www.einsiedeln.bike\/cms\/wp-json\/wp\/v2\/pages\/269"}],"wp:featuredmedia":[{"embeddable":true,"href":"https:\/\/www.einsiedeln.bike\/cms\/wp-json\/wp\/v2\/media\/852"}],"wp:attachment":[{"href":"https:\/\/www.einsiedeln.bike\/cms\/wp-json\/wp\/v2\/media?parent=950"}],"wp:term":[{"taxonomy":"category","embeddable":true,"href":"https:\/\/www.einsiedeln.bike\/cms\/wp-json\/wp\/v2\/categories?post=950"},{"taxonomy":"post_tag","embeddable":true,"href":"https:\/\/www.einsiedeln.bike\/cms\/wp-json\/wp\/v2\/tags?post=950"}],"curies":[{"name":"wp","href":"https:\/\/api.w.org\/{rel}","templated":true}]}}