{"id":933,"date":"2019-06-14T07:56:05","date_gmt":"2019-06-14T05:56:05","guid":{"rendered":"https:\/\/www.einsiedeln.bike\/cms\/?page_id=933"},"modified":"2019-06-20T21:04:53","modified_gmt":"2019-06-20T19:04:53","slug":"aegerital","status":"publish","type":"page","link":"https:\/\/www.einsiedeln.bike\/cms\/rundtouren\/aegerital\/","title":{"rendered":"\u00c4gerital"},"content":{"rendered":"\t\t<div id=\"maps-marker-pro-1c6ac40d\" class=\"maps-marker-pro\" style=\"width: 100%;\">\n\t\t\t<div id=\"mmp-map-wrap-1c6ac40d\" class=\"mmp-map-wrap\">\n\t\t\t\t\t\t\t\t\t<div id=\"mmp-panel-1c6ac40d\" class=\"mmp-panel\"><\/div>\n\t\t\t\t\t\t\t\t<div id=\"mmp-map-1c6ac40d\" class=\"mmp-map\" style=\"height: 450px;\"><\/div>\n\t\t\t\t\t\t\t\t\t<div id=\"mmp-chart-wrap-1c6ac40d\" class=\"mmp-gpx-chart-wrap\" style=\"height: 100px;\"><\/div>\n\t\t\t\t\t\t\t<\/div>\n\t\t\t\t\t<\/div>\n\t\t\n<p><a href=\"https:\/\/www.einsiedeln.bike\/cms\/index.php?mapsmarkerpro=download_gpx&amp;url=https:\/\/www.einsiedeln.bike\/cms\/wp-content\/uploads\/2019\/06\/aegerital.gpx\"><i class=\"wp-svg-safari safari\"><\/i> GPX-Download<\/a><\/p>\n<p>Wir verlassen Einsiedeln in westlicher Richtung, vorbei an der Brauerei Rosengarten und dem Spital, Richtung Chatzenstrick. In der knackigen Steigung lohnt sich mal ein Blick zur\u00fcck, bietet sich doch eine wundersch\u00f6ne Aussicht auf Einsiedeln. Auf der H\u00f6he des Chatzenstricks (1053 m) geht die Asphaltstrasse vor\u00fcbergehend in eine Naturstrasse \u00fcber.<br \/>\nIn flotter Fahrt geht es hinunter in die Dritte Altmatt, wo wir kurz links in die vielbefahrene Kantonsstrasse einbiegen, diese jedoch gleich rechts wieder verlassen. Die Route traversiert die Bahnlinie und f\u00fchrt anschliessend durch das Rothenthurmer Moor zur r\u00fcckseitigen Verbindungsstrasse. Wir fahren links bis zu Steinstoss, wo wir eine Spitzkehre nach rechts machen. Die Route steigt nun leicht an und bietet einen wundersch\u00f6nen Ausblick auf die Moorlandschaft. Nach zwei weiteren Spitzkehren erreichen wir den Weiler B\u00f6schi, ab hier folgen wir der Veloland Schweiz Route Nr. 99. Immer wieder bieten sich idyllische Ausblicke auf den \u00c4gerisee, schliesslich erreichen wir Unter\u00e4geri. Wir queren die Hauptstrasse und radeln weiter entlang dem S\u00fcdufer des \u00c4gerisees, hier ist der Weg nicht durchgehend asphaltiert. Am s\u00fcd\u00f6stlichen Ende des Sees erreichen wir Morgarten, die historischen Gedenkst\u00e4tten zur ber\u00fchmten Schlacht am Morgarten lassen wir rechts liegen. Nun steigt die Nebenstrasse wieder an, knapp 300 H\u00f6henmeter erwarten uns, ehe die Strasse wieder abf\u00e4llt, wir erreichen erneut das Rothenthurmer Moor und passieren es nun an dessen S\u00fcdende. In Rothenthurm (genau gesagt in der Ersten Altmatt) beginnt die letzte Steigung (250 Hm) in Richtung \u201eSamstageren\u201c, diese Forststrasse ist auf der Rothenthurmer Seite bis fast zum Kulminationspunkt asphaltiert. Zum Abschluss sausen wir auf der Naturstrasse in die Grotzenm\u00fchle Einsiedeln hinunter und finden zur\u00fcck zum Ausgangspunkt.<\/p>\n","protected":false},"excerpt":{"rendered":"<p>Auf guten, verkehrsarmen Strassen geht es rund um den \u00c4gerisee.<\/p>\n","protected":false},"author":1,"featured_media":938,"parent":269,"menu_order":0,"comment_status":"closed","ping_status":"closed","template":"","meta":{"_acf_changed":false,"_seopress_robots_primary_cat":"","_seopress_titles_title":"","_seopress_titles_desc":"","_seopress_robots_index":"","dwc-title":[""],"dwc-content":[""],"ngg_post_thumbnail":0,"footnotes":""},"categories":[9],"tags":[],"class_list":{"0":"post-933","1":"page","2":"type-page","3":"status-publish","4":"has-post-thumbnail","6":"category-mixed"},"acf":{"gpx-download":""},"_links":{"self":[{"href":"https:\/\/www.einsiedeln.bike\/cms\/wp-json\/wp\/v2\/pages\/933","targetHints":{"allow":["GET"]}}],"collection":[{"href":"https:\/\/www.einsiedeln.bike\/cms\/wp-json\/wp\/v2\/pages"}],"about":[{"href":"https:\/\/www.einsiedeln.bike\/cms\/wp-json\/wp\/v2\/types\/page"}],"author":[{"embeddable":true,"href":"https:\/\/www.einsiedeln.bike\/cms\/wp-json\/wp\/v2\/users\/1"}],"replies":[{"embeddable":true,"href":"https:\/\/www.einsiedeln.bike\/cms\/wp-json\/wp\/v2\/comments?post=933"}],"version-history":[{"count":8,"href":"https:\/\/www.einsiedeln.bike\/cms\/wp-json\/wp\/v2\/pages\/933\/revisions"}],"predecessor-version":[{"id":1097,"href":"https:\/\/www.einsiedeln.bike\/cms\/wp-json\/wp\/v2\/pages\/933\/revisions\/1097"}],"up":[{"embeddable":true,"href":"https:\/\/www.einsiedeln.bike\/cms\/wp-json\/wp\/v2\/pages\/269"}],"wp:featuredmedia":[{"embeddable":true,"href":"https:\/\/www.einsiedeln.bike\/cms\/wp-json\/wp\/v2\/media\/938"}],"wp:attachment":[{"href":"https:\/\/www.einsiedeln.bike\/cms\/wp-json\/wp\/v2\/media?parent=933"}],"wp:term":[{"taxonomy":"category","embeddable":true,"href":"https:\/\/www.einsiedeln.bike\/cms\/wp-json\/wp\/v2\/categories?post=933"},{"taxonomy":"post_tag","embeddable":true,"href":"https:\/\/www.einsiedeln.bike\/cms\/wp-json\/wp\/v2\/tags?post=933"}],"curies":[{"name":"wp","href":"https:\/\/api.w.org\/{rel}","templated":true}]}}