{"id":923,"date":"2019-06-14T07:24:23","date_gmt":"2019-06-14T05:24:23","guid":{"rendered":"https:\/\/www.einsiedeln.bike\/cms\/?page_id=923"},"modified":"2019-06-19T07:13:02","modified_gmt":"2019-06-19T05:13:02","slug":"wildspitz-rossberg","status":"publish","type":"page","link":"https:\/\/www.einsiedeln.bike\/cms\/rundtouren\/wildspitz-rossberg\/","title":{"rendered":"Wildspitz\/Rossberg"},"content":{"rendered":"\t\t<div id=\"maps-marker-pro-9d2c7d8b\" class=\"maps-marker-pro\" style=\"width: 100%;\">\n\t\t\t<div id=\"mmp-map-wrap-9d2c7d8b\" class=\"mmp-map-wrap\">\n\t\t\t\t\t\t\t\t\t<div id=\"mmp-panel-9d2c7d8b\" class=\"mmp-panel\"><\/div>\n\t\t\t\t\t\t\t\t<div id=\"mmp-map-9d2c7d8b\" class=\"mmp-map\" style=\"height: 450px;\"><\/div>\n\t\t\t\t\t\t\t\t\t<div id=\"mmp-chart-wrap-9d2c7d8b\" class=\"mmp-gpx-chart-wrap\" style=\"height: 100px;\"><\/div>\n\t\t\t\t\t\t\t<\/div>\n\t\t\t\t\t<\/div>\n\t\t\n<p><a href=\"https:\/\/www.einsiedeln.bike\/cms\/index.php?mapsmarkerpro=download_gpx&amp;url=https:\/\/www.einsiedeln.bike\/cms\/wp-content\/uploads\/2019\/06\/wildspitz-rossberg-mtb.gpx\"><i class=\"wp-svg-safari safari\"><\/i> GPX-Download<\/a><\/p>\n<p>Wir rollen los in s\u00fcdlicher Richtung in Richtung Alpthal und passieren das Frauenkloster Au und erreichen das Viertel Trachslau. Kurz nach Trachslau traversieren wir die Hauptstrasse und radeln in der Folge bis kurz vor Brunni \u00f6stlich der Hauptstrasse dem Fluss Alp folgend weiter. Nach ziemlich genau zehn Fahrkilometer gehts erneut auf die andere Seite der Hauptstrasse. Nun folgt eine erste kurze, aber knackig steile Passage, welche den Puls richtig in die H\u00f6he treibt, wer fahren kann bleibt im Sattel, wer absteigt schiebt einige Meter. Kurz darauf&nbsp; biegen wir rechts in die asphaltierte Steigung zur Haggenegg ein. Bis auf die H\u00f6he von 1328 Meter ist die Strasse geteert, ehe wir links in den Naturweg mit betonierten Abschnitten zur Haggenegg abzweigen.<br \/>\nDie Haggenegg bietet nebst einer wundersch\u00f6nen Aussicht auf den Talkessel von Schwyz und das umliegende Alpenpanorama. Weiter geht es danach abfallend die Holzkapelle Haggenegg passierend, an deren Stelle der \u00dcberlieferung nach 1798 die Schwarze Madonna von Einsiedeln in einer Kiste vergraben wurde, um sie vor den franz\u00f6sischen Truppen zu sch\u00fctzen. Kurz danach nehmen wir rechts abzweigend einen Fussweg der plusminus der H\u00f6henlinie entlang zur Mostelegg f\u00fchrt (wer den Umweg \u00fcber die Asphaltstrasse w\u00e4hlt, macht hier 150 steile H\u00f6henmeter zus\u00e4tzlich). Nach der Mostellegg erreichen wir das beliebte Familien-Ausfluggebiet von Sattel-Hochstuckli. Hier gibt es gleich mehrere Einkehrm\u00f6glichkeiten, doch wer auf den Wildspitz will, kehrt dort ein. Vom Mostelberg nehmen wir nach der ersten Serpentine den Singletrail-Wiesenweg, wer es weniger steil mag kann auch der Asphaltstrasse nach Sattel hinab folgen.<br \/>\nIn Sattel nehmen wir die Strasse in Richtung Steinerberg und biegen unmittelbar nach dem Bahn\u00fcbergang rechts ab, hier sei empfohlen, die Trinkflaschen beim Brunnen noch aufzuf\u00fcllen, gehts doch gleich 800 H\u00f6henmeter lang die S\u00fcdflanke des Rossbergs zum Wildspitz hoch. Auf dem Wildspitz &#8211; dem h\u00f6chsten Punkt des Kantons Zug &#8211; ist dann definitiv Rast und Einkehr angesagt. Nach der St\u00e4rkung folgt die (im obersten Teil etwas ruppige) Abfahrt auf der Nordseite des Wildspitz nach Unter\u00e4geri. Wer Energie braucht, dem sei ein Zwischenstop in der feinen Caf\u00e9-Konditorei Zumbach empfohlen.<br \/>\nWeiter gehts gleich \u00fcber die Hauptstrasse wieder ansteigend in Richtung Schneit. Im Gebiet Grund halten wir jedoch dem H\u00f6henweg folgend geradeaus in Richtung Alosen, welches auf einer wundersch\u00f6nen, verkehrsarmen Teerstrasse erreichen. Bei der Giregg biegen wir in die Ratenstrasse ein. Nach dem Raten folgen wir noch ca. 1 guten Kilometer der Asphaltstrasse und zweigen nach der Serpentine am Waldrand rechts in den abfallenden Trail, welcher uns zur Verbindung in Richtung 3. Altmatt bringt. Von der 3. Altmatt, wo wir wenige Meter auf der Hauptstrasse rollen, gehts rechts \u00fcber den Chatzenstrick zur\u00fcck nach Einsiedeln.<\/p>\n","protected":false},"excerpt":{"rendered":"<p>Herausfordernde Biketour zum h\u00f6chsten Punkt des Kantons Zug, dem Wildspitz.<\/p>\n","protected":false},"author":1,"featured_media":929,"parent":269,"menu_order":0,"comment_status":"open","ping_status":"closed","template":"","meta":{"_acf_changed":false,"_seopress_robots_primary_cat":"","_seopress_titles_title":"","_seopress_titles_desc":"","_seopress_robots_index":"","dwc-title":[""],"dwc-content":[""],"ngg_post_thumbnail":0,"footnotes":""},"categories":[3],"tags":[40],"class_list":{"0":"post-923","1":"page","2":"type-page","3":"status-publish","4":"has-post-thumbnail","6":"category-mountain-bike","7":"tag-sattel"},"acf":{"gpx-download":""},"_links":{"self":[{"href":"https:\/\/www.einsiedeln.bike\/cms\/wp-json\/wp\/v2\/pages\/923","targetHints":{"allow":["GET"]}}],"collection":[{"href":"https:\/\/www.einsiedeln.bike\/cms\/wp-json\/wp\/v2\/pages"}],"about":[{"href":"https:\/\/www.einsiedeln.bike\/cms\/wp-json\/wp\/v2\/types\/page"}],"author":[{"embeddable":true,"href":"https:\/\/www.einsiedeln.bike\/cms\/wp-json\/wp\/v2\/users\/1"}],"replies":[{"embeddable":true,"href":"https:\/\/www.einsiedeln.bike\/cms\/wp-json\/wp\/v2\/comments?post=923"}],"version-history":[{"count":7,"href":"https:\/\/www.einsiedeln.bike\/cms\/wp-json\/wp\/v2\/pages\/923\/revisions"}],"predecessor-version":[{"id":1082,"href":"https:\/\/www.einsiedeln.bike\/cms\/wp-json\/wp\/v2\/pages\/923\/revisions\/1082"}],"up":[{"embeddable":true,"href":"https:\/\/www.einsiedeln.bike\/cms\/wp-json\/wp\/v2\/pages\/269"}],"wp:featuredmedia":[{"embeddable":true,"href":"https:\/\/www.einsiedeln.bike\/cms\/wp-json\/wp\/v2\/media\/929"}],"wp:attachment":[{"href":"https:\/\/www.einsiedeln.bike\/cms\/wp-json\/wp\/v2\/media?parent=923"}],"wp:term":[{"taxonomy":"category","embeddable":true,"href":"https:\/\/www.einsiedeln.bike\/cms\/wp-json\/wp\/v2\/categories?post=923"},{"taxonomy":"post_tag","embeddable":true,"href":"https:\/\/www.einsiedeln.bike\/cms\/wp-json\/wp\/v2\/tags?post=923"}],"curies":[{"name":"wp","href":"https:\/\/api.w.org\/{rel}","templated":true}]}}