{"id":883,"date":"2019-06-10T21:04:00","date_gmt":"2019-06-10T19:04:00","guid":{"rendered":"https:\/\/www.einsiedeln.bike\/cms\/?page_id=883"},"modified":"2019-06-17T07:29:09","modified_gmt":"2019-06-17T05:29:09","slug":"einsiedeln-rapperswil-jona","status":"publish","type":"page","link":"https:\/\/www.einsiedeln.bike\/cms\/streckentouren\/einsiedeln-rapperswil-jona\/","title":{"rendered":"Einsiedeln &#8211; Rapperswil-Jona"},"content":{"rendered":"\t\t<div id=\"maps-marker-pro-e7ede460\" class=\"maps-marker-pro\" style=\"width: 100%;\">\n\t\t\t<div id=\"mmp-map-wrap-e7ede460\" class=\"mmp-map-wrap\">\n\t\t\t\t\t\t\t\t<div id=\"mmp-map-e7ede460\" class=\"mmp-map\" style=\"height: 450px;\"><\/div>\n\t\t\t\t\t\t\t\t\t<div id=\"mmp-chart-wrap-e7ede460\" class=\"mmp-gpx-chart-wrap\" style=\"height: 100px;\"><\/div>\n\t\t\t\t\t\t\t<\/div>\n\t\t\t\t\t<\/div>\n\t\t\n<p><a href=\"https:\/\/www.einsiedeln.bike\/cms\/index.php?mapsmarkerpro=download_gpx&amp;url=https:\/\/www.einsiedeln.bike\/cms\/wp-content\/uploads\/2019\/06\/einsiedeln-rapperswil-jona.gpx\"><i class=\"wp-svg-safari safari\"><\/i> GPX-Download<\/a><\/p>\n<p>Wir starten zur Tour durch den Ortskern von Einsiedeln und passieren den eindr\u00fccklichen Klosterplatz. Die Etzelstrasse bringt uns zum kleinen Hafen des Sihlsees, wo wir rechts und kurz darauf links in Richtung Etzel abzweigen. Anf\u00e4nglich leicht ansteigend, f\u00e4llt die Strasse schon bald wieder ab und wir sausen zur Teufelsbr\u00fccke hinunter, wo wir die Sihl \u00fcberqueren. Unmittelbar nach der Teufelsbr\u00fccke steht zur linken das Geburtshaus des ber\u00fchmten Heilers Paracelsus. Bei der Traverse der Teufelsbr\u00fccke empfiehlt es sich, die \u00abkleine Scheibe\u00bb zu w\u00e4hlen, sprich einen kleinen Gang einzulegen, f\u00fchrt die Strasse doch gleich danach steil bergan zum Etzelpass (950 m). Hier befindet sich das Restaurant St. Meinrad und gleich daneben die gleichnamige Kapelle. Der Ort blickt auf eine lange Historie zur\u00fcck, soll doch der \u00dcberlieferung nach hier der M\u00f6nch Meinrad von Einsiedeln im Jahre 835 eine Kapelle und Klause errichtet haben. Aus diesem Grund ist die Etzelpassh\u00f6he eine bedeutende Station entlang des Jakobsweges.<br \/>\nIn der Folge f\u00fchrt uns die Route weg von der Stille auf schmaler, steil abfallender Strasse hinunter ins pulsierende Pf\u00e4ffikon SZ. Hier folgen wir der Rad-Route \u00fcber den Seedamm in Richtung Rapperswil. Ungef\u00e4hr auf der Mitte des Seedamms, beim Lichtsignal Verzweigung Hurden, wechselt der Radweg nach Rapperswil-Jona auf die linke Strassenseite, wer hier nicht traversiert wird es sp\u00e4ter infolge des oft hohen Verkehrsaufkommens auf dem Seedamm schwer haben. Am Ende des Seedamms, eingangs Rapperswil, macht dann die Radroute eine U-Kehre und unterquert die Hauptstrasse. Wir folgen weiter der offiziellen Radroute und passieren den Bahnhof Rapperswil auf der S\u00fcdseite der Geleise und pedalen weiter in den Stadtteil Jona, seit der Fusion der beiden St\u00e4dte im Jahr 2007 bildet Rapperswil-Jona eine gemeinsame politische Gemeinde.<\/p>\n","protected":false},"excerpt":{"rendered":"<p>Via Etzelpass \/ St. Meinrad geht&#8217;s z\u00fcgig hinunter an den Z\u00fcrichsee und \u00fcber den Seedamm in die Rosenstadt.<\/p>\n","protected":false},"author":1,"featured_media":825,"parent":267,"menu_order":0,"comment_status":"open","ping_status":"closed","template":"","meta":{"_acf_changed":false,"_seopress_robots_primary_cat":"","_seopress_titles_title":"","_seopress_titles_desc":"","_seopress_robots_index":"","dwc-title":[""],"dwc-content":[""],"ngg_post_thumbnail":0,"footnotes":""},"categories":[5,4],"tags":[36],"class_list":{"0":"post-883","1":"page","2":"type-page","3":"status-publish","4":"has-post-thumbnail","6":"category-e-bike","7":"category-rennrad","8":"tag-obersee"},"acf":[],"_links":{"self":[{"href":"https:\/\/www.einsiedeln.bike\/cms\/wp-json\/wp\/v2\/pages\/883","targetHints":{"allow":["GET"]}}],"collection":[{"href":"https:\/\/www.einsiedeln.bike\/cms\/wp-json\/wp\/v2\/pages"}],"about":[{"href":"https:\/\/www.einsiedeln.bike\/cms\/wp-json\/wp\/v2\/types\/page"}],"author":[{"embeddable":true,"href":"https:\/\/www.einsiedeln.bike\/cms\/wp-json\/wp\/v2\/users\/1"}],"replies":[{"embeddable":true,"href":"https:\/\/www.einsiedeln.bike\/cms\/wp-json\/wp\/v2\/comments?post=883"}],"version-history":[{"count":5,"href":"https:\/\/www.einsiedeln.bike\/cms\/wp-json\/wp\/v2\/pages\/883\/revisions"}],"predecessor-version":[{"id":1068,"href":"https:\/\/www.einsiedeln.bike\/cms\/wp-json\/wp\/v2\/pages\/883\/revisions\/1068"}],"up":[{"embeddable":true,"href":"https:\/\/www.einsiedeln.bike\/cms\/wp-json\/wp\/v2\/pages\/267"}],"wp:featuredmedia":[{"embeddable":true,"href":"https:\/\/www.einsiedeln.bike\/cms\/wp-json\/wp\/v2\/media\/825"}],"wp:attachment":[{"href":"https:\/\/www.einsiedeln.bike\/cms\/wp-json\/wp\/v2\/media?parent=883"}],"wp:term":[{"taxonomy":"category","embeddable":true,"href":"https:\/\/www.einsiedeln.bike\/cms\/wp-json\/wp\/v2\/categories?post=883"},{"taxonomy":"post_tag","embeddable":true,"href":"https:\/\/www.einsiedeln.bike\/cms\/wp-json\/wp\/v2\/tags?post=883"}],"curies":[{"name":"wp","href":"https:\/\/api.w.org\/{rel}","templated":true}]}}