{"id":856,"date":"2019-06-10T17:12:32","date_gmt":"2019-06-10T15:12:32","guid":{"rendered":"https:\/\/www.einsiedeln.bike\/cms\/?page_id=856"},"modified":"2019-06-12T08:02:53","modified_gmt":"2019-06-12T06:02:53","slug":"einsiedeln-glarus","status":"publish","type":"page","link":"https:\/\/www.einsiedeln.bike\/cms\/streckentouren\/einsiedeln-glarus\/","title":{"rendered":"Einsiedeln &#8211; Glarus"},"content":{"rendered":"\t\t<div id=\"maps-marker-pro-dae4963a\" class=\"maps-marker-pro\" style=\"width: 100%;\">\n\t\t\t<div id=\"mmp-map-wrap-dae4963a\" class=\"mmp-map-wrap\">\n\t\t\t\t\t\t\t\t\t<div id=\"mmp-panel-dae4963a\" class=\"mmp-panel\"><\/div>\n\t\t\t\t\t\t\t\t<div id=\"mmp-map-dae4963a\" class=\"mmp-map\" style=\"height: 450px;\"><\/div>\n\t\t\t\t\t\t\t\t\t<div id=\"mmp-chart-wrap-dae4963a\" class=\"mmp-gpx-chart-wrap\" style=\"height: 100px;\"><\/div>\n\t\t\t\t\t\t\t<\/div>\n\t\t\t\t\t<\/div>\n\t\t\n<p><a href=\"https:\/\/www.einsiedeln.bike\/cms\/index.php?mapsmarkerpro=download_gpx&amp;url=https:\/\/www.einsiedeln.bike\/cms\/wp-content\/uploads\/2019\/06\/einsiedeln-glarus-mtb.gpx\"><i class=\"wp-svg-safari safari\"><\/i> GPX-Download<\/a><\/p>\n<p>Wir verlassen Einsiedeln durch den Ortskern, den eindr\u00fccklichen Klosterplatz passierend, in Richtung Sihlsee und rollen die ersten Kilometer flach auf dem Seeniveau ins Ybrig. In Studen &#8211; im Winter das Mekka der Langl\u00e4ufer &#8211; beginnt die erste Steigung, die ersten Kilometer noch auf Asphalt, sp\u00e4ter auf Naturstrasse in Richtung Wisstanne, Fl\u00e4schlih\u00f6chi. Der letzte Abschnitt vor der Fl\u00e4schlih\u00f6chi ist ein Fussweg, auf dem einige Minuten &#8222;Bike schieben&#8220; angesagt ist. Die Abfahrt von der Fl\u00e4schlih\u00f6chi f\u00fchrt uns \u00fcber Alpweiden und groben Schotterwegen ins W\u00e4gital. Am hinteren Ende des W\u00e4gitalersees erreichen wir die Talsohle und biegen rechts kurz in die asphaltierte Seestrasse ein. Gleich geht es wieder hoch auf einer Naturstrasse, in Richtung Schwialppass. Auf 1100 Metern, nach der Alp Aberen, folgt die zweite, l\u00e4ngere Schiebepassage, je nach Kondition und Fahrtechnik ist hier mit 30 Minuten schieben durchaus zu rechnen. Die M\u00fche lohnt sich jedoch, wird die Alp im oberen Teil wieder flacher und der eigentliche Kulminationspunkt Schwialppass kann fahrend passiert werden. In der folgenden Y-Verzweigung halten wir rechts zur Ober Schwialp. Ab hier gehts links hinunter ins wundersch\u00f6ne Kl\u00f6ntal, wo wir in die Pragelpass-Strasse einm\u00fcnden. Via Richisau &#8211; Vorauen gehts dem Kl\u00f6ntalersee entlang zum Rhodannenberg (vorderes Ende des Kl\u00f6ntalersees). Auf der steilen Asphaltstrasse rollen wir zum Schluss hinunter nach Glarus.<\/p>\n<p>&nbsp;<\/p>\n","protected":false},"excerpt":{"rendered":"<p>\u00dcber die Fl\u00e4schlih\u00f6chi und den Schwialppass gehts in einzigartige Kl\u00f6ntal und weiter nach Glarus.<\/p>\n","protected":false},"author":1,"featured_media":861,"parent":267,"menu_order":0,"comment_status":"open","ping_status":"closed","template":"","meta":{"_acf_changed":false,"_seopress_robots_primary_cat":"","_seopress_titles_title":"","_seopress_titles_desc":"","_seopress_robots_index":"","dwc-title":[""],"dwc-content":[""],"ngg_post_thumbnail":0,"footnotes":""},"categories":[3],"tags":[35,34],"class_list":{"0":"post-856","1":"page","2":"type-page","3":"status-publish","4":"has-post-thumbnail","6":"category-mountain-bike","7":"tag-gl","8":"tag-kloental"},"acf":[],"_links":{"self":[{"href":"https:\/\/www.einsiedeln.bike\/cms\/wp-json\/wp\/v2\/pages\/856","targetHints":{"allow":["GET"]}}],"collection":[{"href":"https:\/\/www.einsiedeln.bike\/cms\/wp-json\/wp\/v2\/pages"}],"about":[{"href":"https:\/\/www.einsiedeln.bike\/cms\/wp-json\/wp\/v2\/types\/page"}],"author":[{"embeddable":true,"href":"https:\/\/www.einsiedeln.bike\/cms\/wp-json\/wp\/v2\/users\/1"}],"replies":[{"embeddable":true,"href":"https:\/\/www.einsiedeln.bike\/cms\/wp-json\/wp\/v2\/comments?post=856"}],"version-history":[{"count":8,"href":"https:\/\/www.einsiedeln.bike\/cms\/wp-json\/wp\/v2\/pages\/856\/revisions"}],"predecessor-version":[{"id":918,"href":"https:\/\/www.einsiedeln.bike\/cms\/wp-json\/wp\/v2\/pages\/856\/revisions\/918"}],"up":[{"embeddable":true,"href":"https:\/\/www.einsiedeln.bike\/cms\/wp-json\/wp\/v2\/pages\/267"}],"wp:featuredmedia":[{"embeddable":true,"href":"https:\/\/www.einsiedeln.bike\/cms\/wp-json\/wp\/v2\/media\/861"}],"wp:attachment":[{"href":"https:\/\/www.einsiedeln.bike\/cms\/wp-json\/wp\/v2\/media?parent=856"}],"wp:term":[{"taxonomy":"category","embeddable":true,"href":"https:\/\/www.einsiedeln.bike\/cms\/wp-json\/wp\/v2\/categories?post=856"},{"taxonomy":"post_tag","embeddable":true,"href":"https:\/\/www.einsiedeln.bike\/cms\/wp-json\/wp\/v2\/tags?post=856"}],"curies":[{"name":"wp","href":"https:\/\/api.w.org\/{rel}","templated":true}]}}