{"id":682,"date":"2018-08-01T13:15:45","date_gmt":"2018-08-01T11:15:45","guid":{"rendered":"https:\/\/www.einsiedeln.bike\/cms\/?page_id=682"},"modified":"2019-08-25T21:03:01","modified_gmt":"2019-08-25T19:03:01","slug":"ueber-einsiedeln-bike","status":"publish","type":"page","link":"https:\/\/www.einsiedeln.bike\/cms\/ueber-einsiedeln-bike\/","title":{"rendered":"\u00dcber einsiedeln.bike"},"content":{"rendered":"<p>Die Website <strong>einsiedeln.bike<\/strong> ist eine unabh\u00e4ngige, werbefreie Informationsplattform \u00fcber die sch\u00f6nsten Bike-\/Fahrradtouren in der Region Einsiedeln und der angrenzenden Gebiete. Die wundersch\u00f6ne Gegend um Einsiedeln bietet unz\u00e4hlige M\u00f6glichkeiten f\u00fcr Touren aller Arten und jeglicher Niveaus. Das Angebot richtet sich an alle Radfahrerinnen und Radfahrer, egal mit welcher Ausr\u00fcstung. Damit ist sind Rennradler, Mountain Biker, Gelegenheits-Radfahrer auf dem City- oder Hybridvelo angesprochen, ebenso Benutzerinnen und Benutzer von Fahrr\u00e4dern neuerer Auspr\u00e4gungen wie Gravel- oder Crossfahrer. Auch die stark boomende Gruppe der E-Biker und E-Mountain Biker soll mit diesen Touren angesprochen werden.<\/p>\n<p>&nbsp;<\/p>\n<h3>Einteilung<\/h3>\n<p>Die dokumentierten Touren sind prim\u00e4r nach folgenden Kriterien eingeteilt:<\/p>\n<h4>Beschaffenheit:<\/h4>\n<ul>\n<li><strong>Asphalt<\/strong>: die Tour folgt durchwegs befestigten Strassen. F\u00fcr Rennrad geeignet.<\/li>\n<li><strong>Naturstrasse<\/strong>: die Tour enth\u00e4lt Abschnitte mit unbefestigten Strassen. F\u00fcr Fahrr\u00e4der mit breiteren Reifen empfohlen (z.B. Gravel Rennr\u00e4der oder Cross-\/Trekking-\/Hybrid-R\u00e4der).<\/li>\n<li><strong>Trail \/ Offroad<\/strong>: die Tour enth\u00e4lt Abschnitte auf Pfaden abseits der Strassen. F\u00fcr Mountain Bikes (Hardtail oder Fully) empfohlen.<\/li>\n<\/ul>\n<p>Die anteilsm\u00e4ssige Zusammensetzung obiger Kriterien wurden mit in einem gerundeten Prozentsatz vermerkt.<\/p>\n<h4>Tourtypen<\/h4>\n<ul>\n<li><strong>Rundtouren:<\/strong> Start- und Zielpunkt sind identisch.<\/li>\n<li><strong>Streckentouren:<\/strong> Tour f\u00fchrt von A nach B.<\/li>\n<\/ul>\n<p>Im weiteren wurde ein 4-stufige selbsterkl\u00e4rende Einstufung nach Technik-Level bzw. Konditions-Level vorgenommen.<\/p>\n<p>&nbsp;<\/p>\n<h3>Karten und H\u00f6henprofile<\/h3>\n<p>Ein Kernelement bilden die digitalen Karten mit H\u00f6henprofil, erg\u00e4nzend werden zu jeder Tour GPS-Daten zum Download zur Verf\u00fcgung gestellt. Die Karten erlauben je nach pers\u00f6nlicher Pr\u00e4ferenz die Ansicht von folgenden Kartendiensten:<\/p>\n<ul>\n<li>OpenStreetMap<\/li>\n<li>Open Cycle Map<\/li>\n<li>Google Maps (Roadmap, Satellite, Terrain)<\/li>\n<li>Bing Maps<\/li>\n<li>Swiss Topo<\/li>\n<li>Open Topo Map<\/li>\n<\/ul>\n<h3>&nbsp;<\/h3>\n<h3>Points of Interest<\/h3>\n<p>Die Karten enthalten f\u00fcr Biker \/ Radfahrer besonders interessante Informationen. Derzeit sind folgende Kategorien enthalten:<\/p>\n<ul>\n<li>Restaurants: Restaurants und Einkehrm\u00f6glichkeiten entlang der Routen<\/li>\n<li>Velol\u00e4den: Jeder hat mal eine Panne, deshalb sind die Velol\u00e4den der Region direkt in den Karten markiert.<\/li>\n<li>POI: (= Points-of-Interest) Sehensw\u00fcrdigkeiten und was es sonst noch so spannendes entlang der Strecke zu sehen gibt.<\/li>\n<li>Warnungen: In Touren die kritische Stellen enthalten ist ein entsprechender Warnhinweis vorhanden.<\/li>\n<\/ul>\n<p>In sensiblen Gebieten k\u00f6nnen zudem die Wildruhezonen in den Karten dargestellt werden.<\/p>\n<p>Weitere Details zur Verwendung dieser Website finden sich in der <a href=\"https:\/\/www.einsiedeln.bike\/cms\/ueber-einsiedeln-bike\/anleitung\/\">Anleitung<\/a>.<\/p>\n<h3>&nbsp;<\/h3>\n<h3>Kommentar<\/h3>\n<p>Bei jeder dokumentierten Tour besteht die M\u00f6glichkeit, mittels Kommentarfeld ein Lob oder Kritik, eine Erg\u00e4nzung oder Korrektur, oder eine sonstige Anregung zu hinterlassen. Selbstverst\u00e4ndlich kann der Betreiber der Website auch per E-Mail <a href=\"mailto:info@einsiedeln.bike\">info@einsiedeln.bike<\/a> kontaktiert werden.<\/p>\n","protected":false},"excerpt":{"rendered":"<p>An wen richtet sich einsiedeln.bike? Was sind die wesentliche Informationen die hier zu finden sind.<\/p>\n","protected":false},"author":1,"featured_media":0,"parent":0,"menu_order":0,"comment_status":"closed","ping_status":"closed","template":"","meta":{"_acf_changed":false,"_seopress_robots_primary_cat":"","_seopress_titles_title":"\u00dcber einsiedeln.bike - das Bike- und Velotouren Portal der Region Einsiedeln","_seopress_titles_desc":"An wen richtet sich einsiedeln.bike ? Wie sind die Touren eingeteilt? Welche Informationen werden angeboten? Diese und andere Fragen finden sie hier beantwortet.","_seopress_robots_index":"","dwc-title":[""],"dwc-content":[""],"ngg_post_thumbnail":0,"footnotes":""},"categories":[11],"tags":[],"class_list":{"0":"post-682","1":"page","2":"type-page","3":"status-publish","5":"category-info"},"acf":[],"_links":{"self":[{"href":"https:\/\/www.einsiedeln.bike\/cms\/wp-json\/wp\/v2\/pages\/682","targetHints":{"allow":["GET"]}}],"collection":[{"href":"https:\/\/www.einsiedeln.bike\/cms\/wp-json\/wp\/v2\/pages"}],"about":[{"href":"https:\/\/www.einsiedeln.bike\/cms\/wp-json\/wp\/v2\/types\/page"}],"author":[{"embeddable":true,"href":"https:\/\/www.einsiedeln.bike\/cms\/wp-json\/wp\/v2\/users\/1"}],"replies":[{"embeddable":true,"href":"https:\/\/www.einsiedeln.bike\/cms\/wp-json\/wp\/v2\/comments?post=682"}],"version-history":[{"count":11,"href":"https:\/\/www.einsiedeln.bike\/cms\/wp-json\/wp\/v2\/pages\/682\/revisions"}],"predecessor-version":[{"id":1200,"href":"https:\/\/www.einsiedeln.bike\/cms\/wp-json\/wp\/v2\/pages\/682\/revisions\/1200"}],"wp:attachment":[{"href":"https:\/\/www.einsiedeln.bike\/cms\/wp-json\/wp\/v2\/media?parent=682"}],"wp:term":[{"taxonomy":"category","embeddable":true,"href":"https:\/\/www.einsiedeln.bike\/cms\/wp-json\/wp\/v2\/categories?post=682"},{"taxonomy":"post_tag","embeddable":true,"href":"https:\/\/www.einsiedeln.bike\/cms\/wp-json\/wp\/v2\/tags?post=682"}],"curies":[{"name":"wp","href":"https:\/\/api.w.org\/{rel}","templated":true}]}}