{"id":639,"date":"2018-08-01T07:08:39","date_gmt":"2018-08-01T05:08:39","guid":{"rendered":"https:\/\/www.einsiedeln.bike\/cms\/?page_id=639"},"modified":"2019-08-25T20:10:51","modified_gmt":"2019-08-25T18:10:51","slug":"datenschutzerklaerung","status":"publish","type":"page","link":"https:\/\/www.einsiedeln.bike\/cms\/home\/datenschutzerklaerung\/","title":{"rendered":"Datenschutzerkl\u00e4rung"},"content":{"rendered":"\r\n\r\n\r\n<h2 class=\"wp-block-heading\">Welche Daten werden gesammelt und warum<\/h2>\r\n\r\n\r\n\r\n<h3 class=\"wp-block-heading\">&nbsp;<\/h3>\r\n<h3>Kommentare<\/h3>\r\n\r\n\r\n\r\n<p>Wenn Besucher Kommentare auf der Website schreiben, sammeln wir die Daten, die im Kommentar-Formular angezeigt werden, ausserdem die IP-Adresse des Besuchers und den User-Agent-String (damit wird der Browser identifiziert), um die Erkennung von Spam zu unterst\u00fctzen. Besucher-Kommentare k\u00f6nnten von einem automatisierten Dienst zur Spam-Erkennung untersucht werden.<\/p>\r\n\r\n\r\n\r\n\r\n\r\n\r\n\r\n\r\n\r\n<h3 class=\"wp-block-heading\">&nbsp;<\/h3>\r\n<h3>Cookies<\/h3>\r\n\r\n\r\n\r\n<p>Wenn du einen Kommentar auf unserer Website schreiben, gilt dies als Einwilligung sein, deinen Namen, E-Mail-Adresse und Website in Cookies zu speichern. Dies ist eine Komfortfunktion, damit du nicht, wenn du einen weiteren Kommentar schreibst, all diese Daten erneut eingeben musst. Diese Cookies werden ein Jahr lang gespeichert.&nbsp;F\u00fcr die Sicherstellung der Funktion von interaktiven Angeboten (Karten) werden Cookies zur Identifikation der Sessionsinformationen eingesetzt.<\/p>\r\n\r\n\r\n\r\n\r\n\r\n<p>&nbsp;<\/p>\r\n\r\n\r\n\r\n<h3 class=\"wp-block-heading\">Analysedienste<\/h3>\r\n\r\n\r\n\r\n<p>Zum Zwecke der fortlaufenden Optimierung dieser Website nutzen wir den Webanalysedienst Google Analytics.<\/p>\r\n<p>In diesem Zusammenhang werden Cookies (kleine Textdateien) verwendet, die auf deinem Computer gespeichert werden. Die durch Cookies erzeugten Informationen \u00fcber deine Benutzung dieser Website wird an den Webanalysedienst \u00fcbermittelt, dort gespeichert und f\u00fcr uns aufbereitet. Aus diesen Auswertungen erhalten wir u.a. folgende Informationen:<\/p>\r\n<ul>\r\n<li>Navigationspfad, den ein Besucher auf der Internetseite beschreitet<\/li>\r\n<li>Verweildauer auf der Internetseite oder Unterseite<\/li>\r\n<li>Land, Region oder Stadt, von wo ein Zugriff erfolgt<\/li>\r\n<li>Informationen zum verwendeten Endger\u00e4t<\/li>\r\n<\/ul>\r\n<p>Die Informationen werden verwendet, um die Nutzung der Internetseiten auszuwerten und das Nutzer Erlebnis zu verbessern.<\/p>\r\n<p>Bitte beachten auch die <a href=\"https:\/\/www.einsiedeln.bike\/cms\/home\/datenschutzerklaerung\/google-analytics-erklaerung\/\">Google Analytics Datenschutz Erkl\u00e4rung<\/a>.<\/p>\r\n<p>&nbsp;<\/p>\r\n\r\n\r\n\r\n<h3 class=\"wp-block-heading\">Welche Rechte du an deinen Daten hast<\/h3>\r\n\r\n\r\n\r\n<p>Wenn du Kommentare geschrieben hast, kannst du einen Export deiner personenbezogenen Daten bei uns anfordern, inklusive aller Daten, die du uns mitgeteilt hast. Dar\u00fcber hinaus kannst du die L\u00f6schung aller personenbezogenen Daten, die wir von dir gespeichert haben, anfordern. Dies umfasst nicht die Daten, die wir aufgrund administrativer, rechtlicher oder sicherheitsrelevanter Notwendigkeiten aufbewahren m\u00fcssen.<\/p>\r\n\r\n\r\n\r\n\r\n\r\n<p>&nbsp;<\/p>\r\n\r\n\r\n\r\n<h2 class=\"wp-block-heading\">Kontakt<\/h2>\r\n<p>S\u00e4mtliche Korrespondenz zu dieser Website ist zu richten an:<\/p>\r\n<p>Daniel Erismann<br>W\u00e4ni 6<br>8840 Trachslau SZ<\/p>\r\n<p>E-Mail: <a href=\"mailto:info@einsiedeln.bike\">info@einsiedeln.bike<\/a><\/p>\r\n\r\n\r\n\r\n<h3 class=\"wp-block-heading\">&nbsp;<\/h3>\r\n","protected":false},"excerpt":{"rendered":"<p>Welche Daten werden gesammelt und warum &nbsp; Kommentare Wenn Besucher Kommentare auf der Website schreiben, sammeln wir die Daten, die im Kommentar-Formular angezeigt werden, ausserdem die IP-Adresse des Besuchers und den User-Agent-String (damit wird der Browser identifiziert), um die Erkennung von Spam zu unterst\u00fctzen. Besucher-Kommentare k\u00f6nnten von einem automatisierten Dienst zur Spam-Erkennung untersucht werden. &nbsp; &#8230; <a title=\"Datenschutzerkl\u00e4rung\" class=\"read-more\" href=\"https:\/\/www.einsiedeln.bike\/cms\/home\/datenschutzerklaerung\/\">Weiterlesen &#8230;<\/a><\/p>\n","protected":false},"author":1,"featured_media":0,"parent":290,"menu_order":0,"comment_status":"closed","ping_status":"closed","template":"","meta":{"_acf_changed":false,"_seopress_robots_primary_cat":"","_seopress_titles_title":"","_seopress_titles_desc":"","_seopress_robots_index":"yes","dwc-title":[""],"dwc-content":[""],"ngg_post_thumbnail":0,"footnotes":""},"categories":[11],"tags":[],"class_list":{"0":"post-639","1":"page","2":"type-page","3":"status-publish","5":"category-info"},"acf":[],"_links":{"self":[{"href":"https:\/\/www.einsiedeln.bike\/cms\/wp-json\/wp\/v2\/pages\/639","targetHints":{"allow":["GET"]}}],"collection":[{"href":"https:\/\/www.einsiedeln.bike\/cms\/wp-json\/wp\/v2\/pages"}],"about":[{"href":"https:\/\/www.einsiedeln.bike\/cms\/wp-json\/wp\/v2\/types\/page"}],"author":[{"embeddable":true,"href":"https:\/\/www.einsiedeln.bike\/cms\/wp-json\/wp\/v2\/users\/1"}],"replies":[{"embeddable":true,"href":"https:\/\/www.einsiedeln.bike\/cms\/wp-json\/wp\/v2\/comments?post=639"}],"version-history":[{"count":6,"href":"https:\/\/www.einsiedeln.bike\/cms\/wp-json\/wp\/v2\/pages\/639\/revisions"}],"predecessor-version":[{"id":733,"href":"https:\/\/www.einsiedeln.bike\/cms\/wp-json\/wp\/v2\/pages\/639\/revisions\/733"}],"up":[{"embeddable":true,"href":"https:\/\/www.einsiedeln.bike\/cms\/wp-json\/wp\/v2\/pages\/290"}],"wp:attachment":[{"href":"https:\/\/www.einsiedeln.bike\/cms\/wp-json\/wp\/v2\/media?parent=639"}],"wp:term":[{"taxonomy":"category","embeddable":true,"href":"https:\/\/www.einsiedeln.bike\/cms\/wp-json\/wp\/v2\/categories?post=639"},{"taxonomy":"post_tag","embeddable":true,"href":"https:\/\/www.einsiedeln.bike\/cms\/wp-json\/wp\/v2\/tags?post=639"}],"curies":[{"name":"wp","href":"https:\/\/api.w.org\/{rel}","templated":true}]}}