{"id":568,"date":"2019-05-27T10:50:09","date_gmt":"2019-05-27T08:50:09","guid":{"rendered":"https:\/\/www.einsiedeln.bike\/cms\/?page_id=568"},"modified":"2019-06-15T14:11:10","modified_gmt":"2019-06-15T12:11:10","slug":"einsiedeln-zug","status":"publish","type":"page","link":"https:\/\/www.einsiedeln.bike\/cms\/streckentouren\/einsiedeln-zug\/","title":{"rendered":"Einsiedeln &#8211; Zug"},"content":{"rendered":"\t\t<div id=\"maps-marker-pro-4ad8e2cb\" class=\"maps-marker-pro\" style=\"width: 100%;\">\n\t\t\t<div id=\"mmp-map-wrap-4ad8e2cb\" class=\"mmp-map-wrap\">\n\t\t\t\t\t\t\t\t\t<div id=\"mmp-panel-4ad8e2cb\" class=\"mmp-panel\"><\/div>\n\t\t\t\t\t\t\t\t<div id=\"mmp-map-4ad8e2cb\" class=\"mmp-map\" style=\"height: 450px;\"><\/div>\n\t\t\t\t\t\t\t\t\t<div id=\"mmp-chart-wrap-4ad8e2cb\" class=\"mmp-gpx-chart-wrap\" style=\"height: 100px;\"><\/div>\n\t\t\t\t\t\t\t<\/div>\n\t\t\t\t\t<\/div>\n\t\t\n<p><a href=\"https:\/\/www.einsiedeln.bike\/cms\/index.php?mapsmarkerpro=download_gpx&amp;url=https:\/\/www.einsiedeln.bike\/cms\/wp-content\/uploads\/2019\/06\/einsiedeln-zug-str.gpx\"><i class=\"wp-svg-safari safari\"><\/i> GPX-Download<\/a><\/p>\n<p>Wir verlassen Einsiedeln via Z\u00fcrichstrasse in Richtung Biberbrugg, wo wir in die vielbefahrene doppelspurige Hauptstrasse H8 in Richtung Schindellegi einbiegen. Zwar hats es einen Radstreifen, f\u00fcr mehr Velofreundlichkeit hats den Strassenplanern trotz vielen Baustellen in diesem Abschnitt in den letzten Jahren leider nicht gereicht. Zum Gl\u00fcck k\u00f6nnen wir nach wenigen Kilometern eingangs Schindellegi die H8 verlassen und passieren den Ortskern Schindellegi. Bei der Kirche gehts links, einige Hundert Meter sp\u00e4ter nochmals links abzweigen. Nach dem Ortsausgang von Schindellegi nehmen wir links die Strasse nach H\u00fctten, hier l\u00e4sst das Verkehrsvolumen etwas nach. In H\u00fctten zweigen wir links ab in Richtung Menzingen &#8211; Zug. In der Folge rollen wir abfallend bis zur Sihl hinunter und \u00fcberqueren diese. Die darauf folgende Steigung, die einzige dieser Route, f\u00fchrt uns nach Menzingen. Ab hier gehts in flotter Fahrt hinab nach Zug, wo wir direkt ins Zentrum an den Kolinplatz gelangen.<\/p>\n","protected":false},"excerpt":{"rendered":"<p>Die schnellste Veloverbindung von Einsiedeln in den Zuger Kantonshauptort.<\/p>\n","protected":false},"author":1,"featured_media":852,"parent":267,"menu_order":0,"comment_status":"open","ping_status":"closed","template":"","meta":{"_acf_changed":false,"_seopress_robots_primary_cat":"","_seopress_titles_title":"","_seopress_titles_desc":" %%post_excerpt%%","_seopress_robots_index":"","dwc-title":[""],"dwc-content":[""],"ngg_post_thumbnail":0,"footnotes":""},"categories":[5,4],"tags":[38],"class_list":{"0":"post-568","1":"page","2":"type-page","3":"status-publish","4":"has-post-thumbnail","6":"category-e-bike","7":"category-rennrad","8":"tag-zugersee"},"acf":[],"_links":{"self":[{"href":"https:\/\/www.einsiedeln.bike\/cms\/wp-json\/wp\/v2\/pages\/568","targetHints":{"allow":["GET"]}}],"collection":[{"href":"https:\/\/www.einsiedeln.bike\/cms\/wp-json\/wp\/v2\/pages"}],"about":[{"href":"https:\/\/www.einsiedeln.bike\/cms\/wp-json\/wp\/v2\/types\/page"}],"author":[{"embeddable":true,"href":"https:\/\/www.einsiedeln.bike\/cms\/wp-json\/wp\/v2\/users\/1"}],"replies":[{"embeddable":true,"href":"https:\/\/www.einsiedeln.bike\/cms\/wp-json\/wp\/v2\/comments?post=568"}],"version-history":[{"count":7,"href":"https:\/\/www.einsiedeln.bike\/cms\/wp-json\/wp\/v2\/pages\/568\/revisions"}],"predecessor-version":[{"id":916,"href":"https:\/\/www.einsiedeln.bike\/cms\/wp-json\/wp\/v2\/pages\/568\/revisions\/916"}],"up":[{"embeddable":true,"href":"https:\/\/www.einsiedeln.bike\/cms\/wp-json\/wp\/v2\/pages\/267"}],"wp:featuredmedia":[{"embeddable":true,"href":"https:\/\/www.einsiedeln.bike\/cms\/wp-json\/wp\/v2\/media\/852"}],"wp:attachment":[{"href":"https:\/\/www.einsiedeln.bike\/cms\/wp-json\/wp\/v2\/media?parent=568"}],"wp:term":[{"taxonomy":"category","embeddable":true,"href":"https:\/\/www.einsiedeln.bike\/cms\/wp-json\/wp\/v2\/categories?post=568"},{"taxonomy":"post_tag","embeddable":true,"href":"https:\/\/www.einsiedeln.bike\/cms\/wp-json\/wp\/v2\/tags?post=568"}],"curies":[{"name":"wp","href":"https:\/\/api.w.org\/{rel}","templated":true}]}}