{"id":484,"date":"2019-01-14T08:51:45","date_gmt":"2019-01-14T07:51:45","guid":{"rendered":"https:\/\/www.einsiedeln.bike\/cms\/?page_id=484"},"modified":"2019-06-15T16:32:48","modified_gmt":"2019-06-15T14:32:48","slug":"rothenthurm-hoehronen","status":"publish","type":"page","link":"https:\/\/www.einsiedeln.bike\/cms\/rundtouren\/rothenthurm-hoehronen\/","title":{"rendered":"Raten &#8211; H\u00f6hronen"},"content":{"rendered":"\t\t<div id=\"maps-marker-pro-b1b9e4d0\" class=\"maps-marker-pro\" style=\"width: 100%;\">\n\t\t\t<div id=\"mmp-map-wrap-b1b9e4d0\" class=\"mmp-map-wrap\">\n\t\t\t\t\t\t\t\t\t<div id=\"mmp-panel-b1b9e4d0\" class=\"mmp-panel\"><\/div>\n\t\t\t\t\t\t\t\t<div id=\"mmp-map-b1b9e4d0\" class=\"mmp-map\" style=\"height: 420px;\"><\/div>\n\t\t\t\t\t\t\t\t\t<div id=\"mmp-chart-wrap-b1b9e4d0\" class=\"mmp-gpx-chart-wrap\" style=\"height: 100px;\"><\/div>\n\t\t\t\t\t\t\t<\/div>\n\t\t\t\t\t<\/div>\n\t\t\n<p><a href=\"https:\/\/www.einsiedeln.bike\/cms\/wp-content\/uploads\/2016\/05\/raten-mtb.gpx\"><i class=\"wp-svg-safari safari\"><\/i> GPX-Download<\/a><\/p>\n<p>Wir starten unsere Tour beim Bahnhof Einsiedeln mit einer dreiviertel Runde um den Kreisel und nehmen die Fabrikstrasse dem Fluss Alp entlang. Vor der Grotzenm\u00fchle biegen wir rechts in die Steigung zum Waldrand \/ Bolzberg ab. Die Route f\u00fchrt in der Folge auf einem guten Waldweg ansteigend auf den H\u00fcgelzug hoch, wir folgen der Beschilderung Richtung Rothenturm. Nach rund 5 Kilometer haben wir die erste Steigung des Tages absolviert und es geht in flotter Fahrt, nun auf Asphalt, nach Rothenturm hinunter.<br \/>\nIn Rothenturm biegen wir kurz rechts in die Hauptstrasse ein, zweigen jedoch gleich wieder links ab in Richtung Rossboden. Im Rossboden geht es rechts, nun wieder ansteigend. An der n\u00e4chsten Verzweigung auf der Anh\u00f6he biegen wir rechts ab, um dann kurze Zeit sp\u00e4ter an einer Spitzkehre scharf rechts in die Strasse Richtung Sankt Jost einzubiegen. Nach einem kurzen Waldst\u00fcck erreichen wir Sankt Jost, idyllisch in einer Waldlichtung gelegen. Ein idealer Ort f\u00fcr einen Zwischenstop im kleinen Restaurant. In der Folge geht es zum Ratenpass hinunter und dort geradeaus weiter, die Passstrasse querend. Wir fahren jedoch nicht bis zum Gottschalkenberg hoch, sondern nehmen die n\u00e4chste Abzweigung nach rechts, welche uns zu einem l\u00e4ngeren Waldst\u00fcck entlang des H\u00fcgelzuges H\u00f6hronen f\u00fchrt. Die Route f\u00fchrt uns nach Schindellegi, wo wir jedoch nicht bis ins Dorfzentrum rein fahren, und daf\u00fcr rechts durch die Unterf\u00fchrung unter der Kantonsstrasse hindurch fahren. In der Folge \u00fcberqueren wir die Sihl, fortan steigt die Strasse wieder an Richtung Etzel. Die Route f\u00fchrt uns nicht bis Etzel Kulm hoch, wir bleiben auf der asphaltierten Strasse, welche uns zur Teufelsbr\u00fccke (erneut an der Sihl) bringt. Noch eine kurze Steigung und wir rollen von Norden her via Etzelstrasse &#8211; Bahnhofstrasse zur\u00fcck an den Ausgangspunkt.<\/p>\n","protected":false},"excerpt":{"rendered":"<p>Highlights dieser Tour sind das Rothenturmer Moor, die idyllische Waldlichtung St. Jost und die knackigen Steigungen des Etzels.<\/p>\n","protected":false},"author":1,"featured_media":584,"parent":269,"menu_order":0,"comment_status":"open","ping_status":"closed","template":"","meta":{"_acf_changed":false,"_seopress_robots_primary_cat":"","_seopress_titles_title":"","_seopress_titles_desc":"","_seopress_robots_index":"","dwc-title":[""],"dwc-content":[""],"ngg_post_thumbnail":0,"footnotes":""},"categories":[5,3],"tags":[31],"class_list":{"0":"post-484","1":"page","2":"type-page","3":"status-publish","4":"has-post-thumbnail","6":"category-e-bike","7":"category-mountain-bike","8":"tag-hoehrohnen"},"acf":{"gpx-download":""},"_links":{"self":[{"href":"https:\/\/www.einsiedeln.bike\/cms\/wp-json\/wp\/v2\/pages\/484","targetHints":{"allow":["GET"]}}],"collection":[{"href":"https:\/\/www.einsiedeln.bike\/cms\/wp-json\/wp\/v2\/pages"}],"about":[{"href":"https:\/\/www.einsiedeln.bike\/cms\/wp-json\/wp\/v2\/types\/page"}],"author":[{"embeddable":true,"href":"https:\/\/www.einsiedeln.bike\/cms\/wp-json\/wp\/v2\/users\/1"}],"replies":[{"embeddable":true,"href":"https:\/\/www.einsiedeln.bike\/cms\/wp-json\/wp\/v2\/comments?post=484"}],"version-history":[{"count":8,"href":"https:\/\/www.einsiedeln.bike\/cms\/wp-json\/wp\/v2\/pages\/484\/revisions"}],"predecessor-version":[{"id":990,"href":"https:\/\/www.einsiedeln.bike\/cms\/wp-json\/wp\/v2\/pages\/484\/revisions\/990"}],"up":[{"embeddable":true,"href":"https:\/\/www.einsiedeln.bike\/cms\/wp-json\/wp\/v2\/pages\/269"}],"wp:featuredmedia":[{"embeddable":true,"href":"https:\/\/www.einsiedeln.bike\/cms\/wp-json\/wp\/v2\/media\/584"}],"wp:attachment":[{"href":"https:\/\/www.einsiedeln.bike\/cms\/wp-json\/wp\/v2\/media?parent=484"}],"wp:term":[{"taxonomy":"category","embeddable":true,"href":"https:\/\/www.einsiedeln.bike\/cms\/wp-json\/wp\/v2\/categories?post=484"},{"taxonomy":"post_tag","embeddable":true,"href":"https:\/\/www.einsiedeln.bike\/cms\/wp-json\/wp\/v2\/tags?post=484"}],"curies":[{"name":"wp","href":"https:\/\/api.w.org\/{rel}","templated":true}]}}