{"id":269,"date":"2018-08-01T14:39:02","date_gmt":"2018-08-01T12:39:02","guid":{"rendered":"https:\/\/www.einsiedeln.bike\/cms\/?page_id=269"},"modified":"2019-08-25T20:08:53","modified_gmt":"2019-08-25T18:08:53","slug":"rundtouren","status":"publish","type":"page","link":"https:\/\/www.einsiedeln.bike\/cms\/rundtouren\/","title":{"rendered":"Rundtouren"},"content":{"rendered":"<p>Alle Rundtouren starten und enden am Bahnhof von Einsiedeln.<\/p>\n<h2>Liste aller Rundtouren<\/h2>\n\n<!-- Page-list plugin v.5.7 wordpress.org\/plugins\/page-list\/ -->\n<div class=\"page-list page-list-ext page-list-cols-2\">\n<div class=\"page-list-ext-item\"><div class=\"page-list-ext-image\"><a href=\"https:\/\/www.einsiedeln.bike\/cms\/rundtouren\/aegerital\/\" title=\"\u00c4gerital\"><img decoding=\"async\" src=\"https:\/\/www.einsiedeln.bike\/cms\/wp-content\/uploads\/2019\/06\/aegerital-150x150.jpg\" width=\"150\" alt=\"\u00c4gerital\" \/><\/a><\/div> <h3 class=\"page-list-ext-title\"><a href=\"https:\/\/www.einsiedeln.bike\/cms\/rundtouren\/aegerital\/\" title=\"\u00c4gerital\">\u00c4gerital<\/a><\/h3><div class=\"page-list-ext-item-content\">Auf guten, verkehrsarmen Strassen geht es rund um den \u00c4gerisee.<\/div><\/div>\n<div class=\"page-list-ext-item\"><div class=\"page-list-ext-image\"><a href=\"https:\/\/www.einsiedeln.bike\/cms\/rundtouren\/gross-trachslau\/\" title=\"Gross - Trachslau\"><img decoding=\"async\" src=\"https:\/\/www.einsiedeln.bike\/cms\/wp-content\/uploads\/2019\/05\/katzenstrick-150x150.jpg\" width=\"150\" alt=\"Gross - Trachslau\" \/><\/a><\/div> <h3 class=\"page-list-ext-title\"><a href=\"https:\/\/www.einsiedeln.bike\/cms\/rundtouren\/gross-trachslau\/\" title=\"Gross - Trachslau\">Gross - Trachslau<\/a><\/h3><div class=\"page-list-ext-item-content\">Technisch einfache Tour durch die Viertel Gross und Trachslau mit wenigen Abschnitten Naturstrassen.<\/div><\/div>\n<div class=\"page-list-ext-item\"><div class=\"page-list-ext-image\"><a href=\"https:\/\/www.einsiedeln.bike\/cms\/rundtouren\/haggenegg-sattel\/\" title=\"Haggenegg - Sattel\"><img decoding=\"async\" src=\"https:\/\/www.einsiedeln.bike\/cms\/wp-content\/uploads\/2019\/06\/haggenegg-150x150.jpg\" width=\"150\" alt=\"Haggenegg - Sattel\" \/><\/a><\/div> <h3 class=\"page-list-ext-title\"><a href=\"https:\/\/www.einsiedeln.bike\/cms\/rundtouren\/haggenegg-sattel\/\" title=\"Haggenegg - Sattel\">Haggenegg - Sattel<\/a><\/h3><div class=\"page-list-ext-item-content\">Durchs Alpthal zur Haggenegg und zur\u00fcck via Sattel und das Rothenthurmer Moor.<\/div><\/div>\n<div class=\"page-list-ext-item\"><div class=\"page-list-ext-image\"><a href=\"https:\/\/www.einsiedeln.bike\/cms\/rundtouren\/hummel-grosser-runs-trachslau\/\" title=\"Hummel - Grosser Runs - Trachslau\"><img decoding=\"async\" src=\"https:\/\/www.einsiedeln.bike\/cms\/wp-content\/uploads\/2019\/06\/hummel-grosserruns-trachslau-150x150.jpg\" width=\"150\" alt=\"Hummel - Grosser Runs - Trachslau\" \/><\/a><\/div> <h3 class=\"page-list-ext-title\"><a href=\"https:\/\/www.einsiedeln.bike\/cms\/rundtouren\/hummel-grosser-runs-trachslau\/\" title=\"Hummel - Grosser Runs - Trachslau\">Hummel - Grosser Runs - Trachslau<\/a><\/h3><div class=\"page-list-ext-item-content\">Technisch einfache Biketour auf guten Naturstrassen zu den sch\u00f6nsten Ausblicken auf den Sihlsee.<\/div><\/div>\n<div class=\"page-list-ext-item\"><div class=\"page-list-ext-image\"><a href=\"https:\/\/www.einsiedeln.bike\/cms\/rundtouren\/um-die-mythen-ins-ybrig\/\" title=\"Mythen - Ibergeregg\"><img decoding=\"async\" src=\"https:\/\/www.einsiedeln.bike\/cms\/wp-content\/uploads\/2019\/05\/talkessel-schwyz-150x150.jpg\" width=\"150\" alt=\"Mythen - Ibergeregg\" \/><\/a><\/div> <h3 class=\"page-list-ext-title\"><a href=\"https:\/\/www.einsiedeln.bike\/cms\/rundtouren\/um-die-mythen-ins-ybrig\/\" title=\"Mythen - Ibergeregg\">Mythen - Ibergeregg<\/a><\/h3><div class=\"page-list-ext-item-content\">Anspruchsvolle Biketour um die Mythen mit R\u00fcckfahrt via Ybrig.<\/div><\/div>\n<div class=\"page-list-ext-item\"><div class=\"page-list-ext-image\"><a href=\"https:\/\/www.einsiedeln.bike\/cms\/rundtouren\/obersee-sattelegg\/\" title=\"Obersee - Sattelegg\"><img decoding=\"async\" src=\"https:\/\/www.einsiedeln.bike\/cms\/wp-content\/uploads\/2019\/05\/vorderthal-sattelegg-150x150.jpg\" width=\"150\" alt=\"Obersee - Sattelegg\" \/><\/a><\/div> <h3 class=\"page-list-ext-title\"><a href=\"https:\/\/www.einsiedeln.bike\/cms\/rundtouren\/obersee-sattelegg\/\" title=\"Obersee - Sattelegg\">Obersee - Sattelegg<\/a><\/h3><div class=\"page-list-ext-item-content\">Die Sattelegg gilt in Rennrad-Kreisen als Klassiker und verbindet Flachland mit Voralpen.<\/div><\/div>\n<div class=\"page-list-ext-item\"><div class=\"page-list-ext-image\"><a href=\"https:\/\/www.einsiedeln.bike\/cms\/rundtouren\/obersee-sattelegg\/etzel-obersee-sattelegg\/\" title=\"Etzel - Obersee - Sattelegg\"><img decoding=\"async\" src=\"https:\/\/www.einsiedeln.bike\/cms\/wp-content\/uploads\/2019\/06\/rapperswil-150x150.jpg\" width=\"150\" alt=\"Etzel - Obersee - Sattelegg\" \/><\/a><\/div> <h3 class=\"page-list-ext-title\"><a href=\"https:\/\/www.einsiedeln.bike\/cms\/rundtouren\/obersee-sattelegg\/etzel-obersee-sattelegg\/\" title=\"Etzel - Obersee - Sattelegg\">Etzel - Obersee - Sattelegg<\/a><\/h3><div class=\"page-list-ext-item-content\">Nebenstrassen-Route \u00fcber den Etzel nach Pf\u00e4ffikon, dann um den Obersee und via Sattelegg zur\u00fcck nach Einsiedeln.<\/div><\/div>\n<div class=\"page-list-ext-item\"><div class=\"page-list-ext-image\"><a href=\"https:\/\/www.einsiedeln.bike\/cms\/rundtouren\/pragelpass\/\" title=\"Pragelpass\"><img decoding=\"async\" src=\"https:\/\/www.einsiedeln.bike\/cms\/wp-content\/uploads\/2016\/06\/pragelpass-150x150.jpg\" width=\"150\" alt=\"Pragelpass\" \/><\/a><\/div> <h3 class=\"page-list-ext-title\"><a href=\"https:\/\/www.einsiedeln.bike\/cms\/rundtouren\/pragelpass\/\" title=\"Pragelpass\">Pragelpass<\/a><\/h3><div class=\"page-list-ext-item-content\">Anspruchsvolle Rennradtour durch die eindr\u00fcckliche Bergwelt der Glarner und Schwyzer Alpen.<\/div><\/div>\n<div class=\"page-list-ext-item\"><div class=\"page-list-ext-image\"><a href=\"https:\/\/www.einsiedeln.bike\/cms\/rundtouren\/rothenthurm-hoehronen\/\" title=\"Raten - H\u00f6hronen\"><img decoding=\"async\" src=\"https:\/\/www.einsiedeln.bike\/cms\/wp-content\/uploads\/2019\/05\/st-jost-150x150.jpg\" width=\"150\" alt=\"Raten - H\u00f6hronen\" \/><\/a><\/div> <h3 class=\"page-list-ext-title\"><a href=\"https:\/\/www.einsiedeln.bike\/cms\/rundtouren\/rothenthurm-hoehronen\/\" title=\"Raten - H\u00f6hronen\">Raten - H\u00f6hronen<\/a><\/h3><div class=\"page-list-ext-item-content\">Highlights dieser Tour sind das Rothenturmer Moor, die idyllische Waldlichtung St. Jost und die knackigen Steigungen des Etzels.<\/div><\/div>\n<div class=\"page-list-ext-item\"><div class=\"page-list-ext-image\"><a href=\"https:\/\/www.einsiedeln.bike\/cms\/rundtouren\/rothenthurm-hoehronen\/gottschalkenberg\/\" title=\"Rund um den Gottschalkenberg\"><img decoding=\"async\" src=\"https:\/\/www.einsiedeln.bike\/cms\/wp-content\/uploads\/2016\/05\/nebelmeer-150x150.jpg\" width=\"150\" alt=\"Rund um den Gottschalkenberg\" \/><\/a><\/div> <h3 class=\"page-list-ext-title\"><a href=\"https:\/\/www.einsiedeln.bike\/cms\/rundtouren\/rothenthurm-hoehronen\/gottschalkenberg\/\" title=\"Rund um den Gottschalkenberg\">Rund um den Gottschalkenberg<\/a><\/h3><div class=\"page-list-ext-item-content\">Abwechslungsreiche Rundtour um den H\u00fcgelzug H\u00f6hrohnen bietet wundersch\u00f6ne Ausblicke auf den Zuger- und den Z\u00fcrichsee. <\/div><\/div>\n<div class=\"page-list-ext-item\"><div class=\"page-list-ext-image\"><a href=\"https:\/\/www.einsiedeln.bike\/cms\/rundtouren\/raten-zugersee-steinerberg\/\" title=\"Raten - Zugersee - Steinerberg\"><img decoding=\"async\" src=\"https:\/\/www.einsiedeln.bike\/cms\/wp-content\/uploads\/2019\/06\/menzingen-150x150.jpg\" width=\"150\" alt=\"Raten - Zugersee - Steinerberg\" \/><\/a><\/div> <h3 class=\"page-list-ext-title\"><a href=\"https:\/\/www.einsiedeln.bike\/cms\/rundtouren\/raten-zugersee-steinerberg\/\" title=\"Raten - Zugersee - Steinerberg\">Raten - Zugersee - Steinerberg<\/a><\/h3><div class=\"page-list-ext-item-content\">Kurzweilige Rennrad-Tour durchs \u00c4gerital an den Zugersee und via Sattel zur\u00fcck nach Einsiedeln.<\/div><\/div>\n<div class=\"page-list-ext-item\"><div class=\"page-list-ext-image\"><a href=\"https:\/\/www.einsiedeln.bike\/cms\/rundtouren\/rothenturmer-moor\/\" title=\"Rothenturmer Moor\"><img decoding=\"async\" src=\"https:\/\/www.einsiedeln.bike\/cms\/wp-content\/uploads\/2019\/05\/rothenturmer-moor-150x150.jpg\" width=\"150\" alt=\"Rothenturmer Moor\" \/><\/a><\/div> <h3 class=\"page-list-ext-title\"><a href=\"https:\/\/www.einsiedeln.bike\/cms\/rundtouren\/rothenturmer-moor\/\" title=\"Rothenturmer Moor\">Rothenturmer Moor<\/a><\/h3><div class=\"page-list-ext-item-content\">Landschaftlich sehr reizvolle Biketour ins bekannte Rothenthurmer Moor.<\/div><\/div>\n<div class=\"page-list-ext-item\"><div class=\"page-list-ext-image\"><a href=\"https:\/\/www.einsiedeln.bike\/cms\/rundtouren\/sattelegg-galgenen-guteregg\/\" title=\"Sattelegg - Galgenen - Guteregg\"><img decoding=\"async\" src=\"https:\/\/www.einsiedeln.bike\/cms\/wp-content\/uploads\/2016\/06\/kapelle-stjohann-150x150.jpg\" width=\"150\" alt=\"Sattelegg - Galgenen - Guteregg\" \/><\/a><\/div> <h3 class=\"page-list-ext-title\"><a href=\"https:\/\/www.einsiedeln.bike\/cms\/rundtouren\/sattelegg-galgenen-guteregg\/\" title=\"Sattelegg - Galgenen - Guteregg\">Sattelegg - Galgenen - Guteregg<\/a><\/h3><div class=\"page-list-ext-item-content\">Sch\u00f6ne Biketour durch die W\u00e4lder des Bezirks March<\/div><\/div>\n<div class=\"page-list-ext-item\"><div class=\"page-list-ext-image\"><a href=\"https:\/\/www.einsiedeln.bike\/cms\/rundtouren\/sihlsee\/\" title=\"Sihlsee\"><img decoding=\"async\" src=\"https:\/\/www.einsiedeln.bike\/cms\/wp-content\/uploads\/2019\/10\/Sihlsee1-150x150.jpg\" width=\"150\" alt=\"Sihlsee\" \/><\/a><\/div> <h3 class=\"page-list-ext-title\"><a href=\"https:\/\/www.einsiedeln.bike\/cms\/rundtouren\/sihlsee\/\" title=\"Sihlsee\">Sihlsee<\/a><\/h3><div class=\"page-list-ext-item-content\">Gem\u00fctliche Rundtour um den wundersch\u00f6nen Sihlsee.<\/div><\/div>\n<div class=\"page-list-ext-item\"><div class=\"page-list-ext-image\"><a href=\"https:\/\/www.einsiedeln.bike\/cms\/rundtouren\/spirstock\/\" title=\"Spirstock\"><img decoding=\"async\" src=\"https:\/\/www.einsiedeln.bike\/cms\/wp-content\/uploads\/2019\/09\/spirstock-150x150.jpg\" width=\"150\" alt=\"Spirstock\" \/><\/a><\/div> <h3 class=\"page-list-ext-title\"><a href=\"https:\/\/www.einsiedeln.bike\/cms\/rundtouren\/spirstock\/\" title=\"Spirstock\">Spirstock<\/a><\/h3><div class=\"page-list-ext-item-content\">Die Tour f\u00fchrt zum Spirstock, welcher eine tolle Aussicht auf die Region Hoch Ybrig bietet.<\/div><\/div>\n<div class=\"page-list-ext-item\"><div class=\"page-list-ext-image\"><a href=\"https:\/\/www.einsiedeln.bike\/cms\/rundtouren\/wildegg-st-meinrad\/\" title=\"Wildegg - St. Meinrad\"><img decoding=\"async\" src=\"https:\/\/www.einsiedeln.bike\/cms\/wp-content\/uploads\/2019\/06\/wildegg-150x150.jpg\" width=\"150\" alt=\"Wildegg - St. Meinrad\" \/><\/a><\/div> <h3 class=\"page-list-ext-title\"><a href=\"https:\/\/www.einsiedeln.bike\/cms\/rundtouren\/wildegg-st-meinrad\/\" title=\"Wildegg - St. Meinrad\">Wildegg - St. Meinrad<\/a><\/h3><div class=\"page-list-ext-item-content\">Eine lange Steigung zur etwas versteckt gelegenen Wildegg, anschliessend gehts auf H\u00f6henwegen via Sattelegg, Gueteregg und Ch\u00f6rnlisegg zum Etzelpass.<\/div><\/div>\n<div class=\"page-list-ext-item\"><div class=\"page-list-ext-image\"><a href=\"https:\/\/www.einsiedeln.bike\/cms\/rundtouren\/wildspitz-rossberg\/\" title=\"Wildspitz\/Rossberg\"><img decoding=\"async\" src=\"https:\/\/www.einsiedeln.bike\/cms\/wp-content\/uploads\/2019\/06\/wildspitz-150x150.jpg\" width=\"150\" alt=\"Wildspitz\/Rossberg\" \/><\/a><\/div> <h3 class=\"page-list-ext-title\"><a href=\"https:\/\/www.einsiedeln.bike\/cms\/rundtouren\/wildspitz-rossberg\/\" title=\"Wildspitz\/Rossberg\">Wildspitz\/Rossberg<\/a><\/h3><div class=\"page-list-ext-item-content\">Herausfordernde Biketour zum h\u00f6chsten Punkt des Kantons Zug, dem Wildspitz.<\/div><\/div>\n\n<\/div>\n<p>&nbsp;<\/p>\n","protected":false},"excerpt":{"rendered":"<p>Alle Rundtouren starten und enden am Bahnhof von Einsiedeln. Liste aller Rundtouren &nbsp;<\/p>\n","protected":false},"author":1,"featured_media":0,"parent":0,"menu_order":0,"comment_status":"closed","ping_status":"closed","template":"","meta":{"_acf_changed":false,"_seopress_robots_primary_cat":"","_seopress_titles_title":"","_seopress_titles_desc":"","_seopress_robots_index":"","dwc-title":[""],"dwc-content":[""],"ngg_post_thumbnail":0,"footnotes":""},"categories":[11],"tags":[],"class_list":{"0":"post-269","1":"page","2":"type-page","3":"status-publish","5":"category-info"},"acf":[],"_links":{"self":[{"href":"https:\/\/www.einsiedeln.bike\/cms\/wp-json\/wp\/v2\/pages\/269","targetHints":{"allow":["GET"]}}],"collection":[{"href":"https:\/\/www.einsiedeln.bike\/cms\/wp-json\/wp\/v2\/pages"}],"about":[{"href":"https:\/\/www.einsiedeln.bike\/cms\/wp-json\/wp\/v2\/types\/page"}],"author":[{"embeddable":true,"href":"https:\/\/www.einsiedeln.bike\/cms\/wp-json\/wp\/v2\/users\/1"}],"replies":[{"embeddable":true,"href":"https:\/\/www.einsiedeln.bike\/cms\/wp-json\/wp\/v2\/comments?post=269"}],"version-history":[{"count":19,"href":"https:\/\/www.einsiedeln.bike\/cms\/wp-json\/wp\/v2\/pages\/269\/revisions"}],"predecessor-version":[{"id":999,"href":"https:\/\/www.einsiedeln.bike\/cms\/wp-json\/wp\/v2\/pages\/269\/revisions\/999"}],"wp:attachment":[{"href":"https:\/\/www.einsiedeln.bike\/cms\/wp-json\/wp\/v2\/media?parent=269"}],"wp:term":[{"taxonomy":"category","embeddable":true,"href":"https:\/\/www.einsiedeln.bike\/cms\/wp-json\/wp\/v2\/categories?post=269"},{"taxonomy":"post_tag","embeddable":true,"href":"https:\/\/www.einsiedeln.bike\/cms\/wp-json\/wp\/v2\/tags?post=269"}],"curies":[{"name":"wp","href":"https:\/\/api.w.org\/{rel}","templated":true}]}}