{"id":267,"date":"2018-08-01T14:38:44","date_gmt":"2018-08-01T12:38:44","guid":{"rendered":"https:\/\/www.einsiedeln.bike\/cms\/?page_id=267"},"modified":"2019-08-25T20:09:28","modified_gmt":"2019-08-25T18:09:28","slug":"streckentouren","status":"publish","type":"page","link":"https:\/\/www.einsiedeln.bike\/cms\/streckentouren\/","title":{"rendered":"Streckentouren"},"content":{"rendered":"<p>Streckentouren sind Touren bei welchen Start- und Endpunkt der Tour unterschiedlich sind, sprich Routen von A nach B.<\/p>\n<h2>Liste aller Streckentouren<\/h2>\n\n<!-- Page-list plugin v.5.7 wordpress.org\/plugins\/page-list\/ -->\n<div class=\"page-list page-list-ext page-list-cols-2\">\n<div class=\"page-list-ext-item\"><div class=\"page-list-ext-image\"><a href=\"https:\/\/www.einsiedeln.bike\/cms\/streckentouren\/einsiedeln-altdorf\/\" title=\"Einsiedeln - Altdorf\"><img decoding=\"async\" src=\"https:\/\/www.einsiedeln.bike\/cms\/wp-content\/uploads\/2019\/10\/geiss-graetli-150x150.jpg\" width=\"150\" alt=\"Einsiedeln - Altdorf\" \/><\/a><\/div> <h3 class=\"page-list-ext-title\"><a href=\"https:\/\/www.einsiedeln.bike\/cms\/streckentouren\/einsiedeln-altdorf\/\" title=\"Einsiedeln - Altdorf\">Einsiedeln - Altdorf<\/a><\/h3><div class=\"page-list-ext-item-content\">Anspruchsvolle Bike Tour via Muotathal und \u00fcber den Geiss Gr\u00e4tli Pass nach Altdorf.<\/div><\/div>\n<div class=\"page-list-ext-item\"><div class=\"page-list-ext-image\"><a href=\"https:\/\/www.einsiedeln.bike\/cms\/streckentouren\/einsiedeln-glarus\/\" title=\"Einsiedeln - Glarus\"><img decoding=\"async\" src=\"https:\/\/www.einsiedeln.bike\/cms\/wp-content\/uploads\/2019\/06\/schwialppass-150x150.jpg\" width=\"150\" alt=\"Einsiedeln - Glarus\" \/><\/a><\/div> <h3 class=\"page-list-ext-title\"><a href=\"https:\/\/www.einsiedeln.bike\/cms\/streckentouren\/einsiedeln-glarus\/\" title=\"Einsiedeln - Glarus\">Einsiedeln - Glarus<\/a><\/h3><div class=\"page-list-ext-item-content\">\u00dcber die Fl\u00e4schlih\u00f6chi und den Schwialppass gehts in einzigartige Kl\u00f6ntal und weiter nach Glarus.<\/div><\/div>\n<div class=\"page-list-ext-item\"><div class=\"page-list-ext-image\"><a href=\"https:\/\/www.einsiedeln.bike\/cms\/streckentouren\/einsiedeln-muotathal\/\" title=\"Einsiedeln - Muotathal\"><img decoding=\"async\" src=\"https:\/\/www.einsiedeln.bike\/cms\/wp-content\/uploads\/2019\/08\/muotathal-150x150.jpg\" width=\"150\" alt=\"Einsiedeln - Muotathal\" \/><\/a><\/div> <h3 class=\"page-list-ext-title\"><a href=\"https:\/\/www.einsiedeln.bike\/cms\/streckentouren\/einsiedeln-muotathal\/\" title=\"Einsiedeln - Muotathal\">Einsiedeln - Muotathal<\/a><\/h3><div class=\"page-list-ext-item-content\">Durchs Alpthal gehts zur M\u00fcsliegg und weiter nach Illgau und von dort auf einem ruppigen Downhill-Trail runter ins Muotathal.<\/div><\/div>\n<div class=\"page-list-ext-item\"><div class=\"page-list-ext-image\"><a href=\"https:\/\/www.einsiedeln.bike\/cms\/streckentouren\/einsiedeln-rapperswil-jona\/\" title=\"Einsiedeln - Rapperswil-Jona\"><img decoding=\"async\" src=\"https:\/\/www.einsiedeln.bike\/cms\/wp-content\/uploads\/2019\/06\/rapperswil-150x150.jpg\" width=\"150\" alt=\"Einsiedeln - Rapperswil-Jona\" \/><\/a><\/div> <h3 class=\"page-list-ext-title\"><a href=\"https:\/\/www.einsiedeln.bike\/cms\/streckentouren\/einsiedeln-rapperswil-jona\/\" title=\"Einsiedeln - Rapperswil-Jona\">Einsiedeln - Rapperswil-Jona<\/a><\/h3><div class=\"page-list-ext-item-content\">Via Etzelpass \/ St. Meinrad geht's z\u00fcgig hinunter an den Z\u00fcrichsee und \u00fcber den Seedamm in die Rosenstadt.<\/div><\/div>\n<div class=\"page-list-ext-item\"><div class=\"page-list-ext-image\"><a href=\"https:\/\/www.einsiedeln.bike\/cms\/streckentouren\/einsiedeln-waedenswil\/\" title=\"Einsiedeln - W\u00e4denswil\"><img decoding=\"async\" src=\"https:\/\/www.einsiedeln.bike\/cms\/wp-content\/uploads\/2020\/06\/waedenswil-150x150.jpg\" width=\"150\" alt=\"Einsiedeln - W\u00e4denswil\" \/><\/a><\/div> <h3 class=\"page-list-ext-title\"><a href=\"https:\/\/www.einsiedeln.bike\/cms\/streckentouren\/einsiedeln-waedenswil\/\" title=\"Einsiedeln - W\u00e4denswil\">Einsiedeln - W\u00e4denswil<\/a><\/h3><div class=\"page-list-ext-item-content\">Weitgehend auf Nebenstrassen vom Klosterdorf an den Z\u00fcrichsee, nicht ganz einfach zu finden aber durchaus reizvoll und kurzweilig. <\/div><\/div>\n<div class=\"page-list-ext-item\"><div class=\"page-list-ext-image\"><a href=\"https:\/\/www.einsiedeln.bike\/cms\/streckentouren\/einsiedeln-ziegelbruecke\/\" title=\"Einsiedeln - Ziegelbr\u00fccke\"><img decoding=\"async\" src=\"https:\/\/www.einsiedeln.bike\/cms\/wp-content\/uploads\/2019\/06\/sattelegg-150x150.jpg\" width=\"150\" alt=\"Einsiedeln - Ziegelbr\u00fccke\" \/><\/a><\/div> <h3 class=\"page-list-ext-title\"><a href=\"https:\/\/www.einsiedeln.bike\/cms\/streckentouren\/einsiedeln-ziegelbruecke\/\" title=\"Einsiedeln - Ziegelbr\u00fccke\">Einsiedeln - Ziegelbr\u00fccke<\/a><\/h3><div class=\"page-list-ext-item-content\">\u00dcber die Sattelegg und die Rossweidh\u00f6chi gehts via Niederurner T\u00e4li in den Glarner Vekehrsknotenpunkt Ziegelbr\u00fccke.<\/div><\/div>\n<div class=\"page-list-ext-item\"><div class=\"page-list-ext-image\"><a href=\"https:\/\/www.einsiedeln.bike\/cms\/streckentouren\/einsiedeln-zug\/\" title=\"Einsiedeln - Zug\"><img decoding=\"async\" src=\"https:\/\/www.einsiedeln.bike\/cms\/wp-content\/uploads\/2019\/06\/menzingen-150x150.jpg\" width=\"150\" alt=\"Einsiedeln - Zug\" \/><\/a><\/div> <h3 class=\"page-list-ext-title\"><a href=\"https:\/\/www.einsiedeln.bike\/cms\/streckentouren\/einsiedeln-zug\/\" title=\"Einsiedeln - Zug\">Einsiedeln - Zug<\/a><\/h3><div class=\"page-list-ext-item-content\">Die schnellste Veloverbindung von Einsiedeln in den Zuger Kantonshauptort.<\/div><\/div>\n<div class=\"page-list-ext-item\"><div class=\"page-list-ext-image\"><a href=\"https:\/\/www.einsiedeln.bike\/cms\/streckentouren\/einsiedeln-zuerich\/\" title=\"Einsiedeln - Z\u00fcrich\"><img decoding=\"async\" src=\"https:\/\/www.einsiedeln.bike\/cms\/wp-content\/uploads\/2019\/06\/zuerich-150x150.jpg\" width=\"150\" alt=\"Einsiedeln - Z\u00fcrich\" \/><\/a><\/div> <h3 class=\"page-list-ext-title\"><a href=\"https:\/\/www.einsiedeln.bike\/cms\/streckentouren\/einsiedeln-zuerich\/\" title=\"Einsiedeln - Z\u00fcrich\">Einsiedeln - Z\u00fcrich<\/a><\/h3><div class=\"page-list-ext-item-content\">Eine der schnellsten und verkehrsarmsten Veloverbindung vom Klosterdorf in die Limmatstadt.<\/div><\/div>\n<div class=\"page-list-ext-item\"><div class=\"page-list-ext-image\"><a href=\"https:\/\/www.einsiedeln.bike\/cms\/streckentouren\/zug-einsiedeln-herzroute-et-8\/\" title=\"Zug - Einsiedeln (Herzroute Et. 8)\"><img decoding=\"async\" src=\"https:\/\/www.einsiedeln.bike\/cms\/wp-content\/uploads\/2019\/06\/aegerital-150x150.jpg\" width=\"150\" alt=\"Zug - Einsiedeln (Herzroute Et. 8)\" \/><\/a><\/div> <h3 class=\"page-list-ext-title\"><a href=\"https:\/\/www.einsiedeln.bike\/cms\/streckentouren\/zug-einsiedeln-herzroute-et-8\/\" title=\"Zug - Einsiedeln (Herzroute Et. 8)\">Zug - Einsiedeln (Herzroute Et. 8)<\/a><\/h3><div class=\"page-list-ext-item-content\">Die 8. Etappe der Herzroute f\u00fchrt auf wundersch\u00f6nen Nebenstrassen von Zug nach Einsiedeln<\/div><\/div>\n<div class=\"page-list-ext-item\"><div class=\"page-list-ext-image\"><a href=\"https:\/\/www.einsiedeln.bike\/cms\/streckentouren\/zuerich-einsiedeln-sihlroute\/\" title=\"Z\u00fcrich - Einsiedeln (Sihlroute)\"><img decoding=\"async\" src=\"https:\/\/www.einsiedeln.bike\/cms\/wp-content\/uploads\/2019\/07\/sihl-bei-adliswil-150x150.jpg\" width=\"150\" alt=\"Z\u00fcrich - Einsiedeln (Sihlroute)\" \/><\/a><\/div> <h3 class=\"page-list-ext-title\"><a href=\"https:\/\/www.einsiedeln.bike\/cms\/streckentouren\/zuerich-einsiedeln-sihlroute\/\" title=\"Z\u00fcrich - Einsiedeln (Sihlroute)\">Z\u00fcrich - Einsiedeln (Sihlroute)<\/a><\/h3><div class=\"page-list-ext-item-content\">Wundersch\u00f6ne Route von der Grossstadt durch das wild-romantische Sihltal nach Einsiedeln.<\/div><\/div>\n\n<\/div>\n","protected":false},"excerpt":{"rendered":"<p>Streckentouren sind Touren bei welchen Start- und Endpunkt der Tour unterschiedlich sind, sprich Routen von A nach B. Liste aller Streckentouren<\/p>\n","protected":false},"author":1,"featured_media":0,"parent":0,"menu_order":0,"comment_status":"closed","ping_status":"closed","template":"","meta":{"_acf_changed":false,"_seopress_robots_primary_cat":"","_seopress_titles_title":"","_seopress_titles_desc":"","_seopress_robots_index":"","dwc-title":[""],"dwc-content":[""],"ngg_post_thumbnail":0,"footnotes":""},"categories":[11],"tags":[],"class_list":{"0":"post-267","1":"page","2":"type-page","3":"status-publish","5":"category-info"},"acf":[],"_links":{"self":[{"href":"https:\/\/www.einsiedeln.bike\/cms\/wp-json\/wp\/v2\/pages\/267","targetHints":{"allow":["GET"]}}],"collection":[{"href":"https:\/\/www.einsiedeln.bike\/cms\/wp-json\/wp\/v2\/pages"}],"about":[{"href":"https:\/\/www.einsiedeln.bike\/cms\/wp-json\/wp\/v2\/types\/page"}],"author":[{"embeddable":true,"href":"https:\/\/www.einsiedeln.bike\/cms\/wp-json\/wp\/v2\/users\/1"}],"replies":[{"embeddable":true,"href":"https:\/\/www.einsiedeln.bike\/cms\/wp-json\/wp\/v2\/comments?post=267"}],"version-history":[{"count":9,"href":"https:\/\/www.einsiedeln.bike\/cms\/wp-json\/wp\/v2\/pages\/267\/revisions"}],"predecessor-version":[{"id":1197,"href":"https:\/\/www.einsiedeln.bike\/cms\/wp-json\/wp\/v2\/pages\/267\/revisions\/1197"}],"wp:attachment":[{"href":"https:\/\/www.einsiedeln.bike\/cms\/wp-json\/wp\/v2\/media?parent=267"}],"wp:term":[{"taxonomy":"category","embeddable":true,"href":"https:\/\/www.einsiedeln.bike\/cms\/wp-json\/wp\/v2\/categories?post=267"},{"taxonomy":"post_tag","embeddable":true,"href":"https:\/\/www.einsiedeln.bike\/cms\/wp-json\/wp\/v2\/tags?post=267"}],"curies":[{"name":"wp","href":"https:\/\/api.w.org\/{rel}","templated":true}]}}