{"id":211,"date":"2016-06-13T20:39:04","date_gmt":"2016-06-13T18:39:04","guid":{"rendered":"http:\/\/www.einsiedeln.bike\/cms\/?page_id=211"},"modified":"2020-08-29T07:52:25","modified_gmt":"2020-08-29T05:52:25","slug":"pragelpass","status":"publish","type":"page","link":"https:\/\/www.einsiedeln.bike\/cms\/rundtouren\/pragelpass\/","title":{"rendered":"Pragelpass"},"content":{"rendered":"\t\t<div id=\"maps-marker-pro-d6a6ddc4\" class=\"maps-marker-pro\" style=\"width: 100%;\">\n\t\t\t<div id=\"mmp-map-wrap-d6a6ddc4\" class=\"mmp-map-wrap\">\n\t\t\t\t\t\t\t\t\t<div id=\"mmp-panel-d6a6ddc4\" class=\"mmp-panel\"><\/div>\n\t\t\t\t\t\t\t\t<div id=\"mmp-map-d6a6ddc4\" class=\"mmp-map\" style=\"height: 500px;\"><\/div>\n\t\t\t\t\t\t\t\t\t<div id=\"mmp-chart-wrap-d6a6ddc4\" class=\"mmp-gpx-chart-wrap\" style=\"height: 100px;\"><\/div>\n\t\t\t\t\t\t\t<\/div>\n\t\t\t\t\t<\/div>\n\t\t\n<p><a href=\"https:\/\/www.einsiedeln.bike\/cms\/wp-content\/uploads\/2016\/06\/pragelpass.gpx\"><i class=\"wp-svg-safari safari\"><\/i> GPX-Download<\/a><\/p>\n<p>Die ersten ca. 20 km dieser Tour k\u00f6nnen wir die Beine h\u00e4ngen lassen, verl\u00e4uft die Strecke anf\u00e4nglich &nbsp;mehrheitlich abfallend. Ab Pf\u00e4ffikon SZ folgen wir der Kantonsstrasse, welche uns weitgehend flach durch den Bezirk March-H\u00f6fe ostw\u00e4rts Richtung Glarnerland bringt. Alternativ kann man den Veloweg nehmen, welcher jedoch in einem Zickzack-Kurs durch die Linthebene f\u00fchrt und deutlich mehr Zeit ben\u00f6tigt. In der Region N\u00e4fels empfiehlt es sich, beim einen oder anderen Trinkwasser-Brunnen entlang der Route die Wasserflaschen f\u00fcr die Steigung nachzuf\u00fcllen. Kurz darauf, nach rund 50 Kilometer, biegen wir rechts Richtung Kl\u00f6ntal\/Riedern von der Hauptstrasse ab. Die Steigung ist anf\u00e4nglich noch moderat, nach einer weiteren Abzweigung nach rechts sind wir in der Pragelpassstrasse, welche schon bald sehr steil Richtung Kl\u00f6ntal hochf\u00fchrt. Am Kl\u00f6ntalersee entlang geht es einige Kilometer flach, bevor der zweite Teil der Steigung zum Pragelpass folgt. In zahlreichen Kehren geht es auf schmaler und verkehrarmer Strasse (auf diesem obersten Abschnitt der Steigung gilt Samstags und Sonntags ein Fahrverbot f\u00fcr motorisierten Verkehr). Nach einem kurzen Flachst\u00fcck auf der Passh\u00f6he (1550 m) stechen wir hinunter Richtung Muotathal. Dieser Teil der Strasse ist sehr steil (bis 18%) und mit un\u00fcbersichtlichen Kurven versehen, alles andere als eine erholsame Abfahrt. Ab Muotathal ist die Strasse dann wieder angenehm zum Rollen, vorausgesetzt man hat keinen Gegenwind. Die Strasse f\u00fchrt uns ins Zentrum von Schwyz, wo sich auf dem Hauptplatz ein Trinkhalt lohnen kann. Es folgt n\u00e4mlich die exponierte S\u00fcdhang-Rampe zum Sattel, an sonnigen Sommertagen kanns hier sch\u00f6n heiss hinauf gehen. Immerhin ist die Steigung mit rund 5% moderat. Via Rothenturm \u2013 Bennau und die Steigung Schnabelberg finden wir zur\u00fcck an den Ausgangspunkt Einsiedeln.<\/p>\n<p style=\"text-align: center;\">Touranimation vom 18.05.2020:<\/p>\n<blockquote class=\"embedly-card\" data-card-controls=\"0\" data-card-key=\"f1631a41cb254ca5b035dc5747a5bd75\">\n<h4><a href=\"https:\/\/www.relive.cc\/view\/v26M8meLQ3O?r=embed-site\">Relive &#8218;Pragelpass&#8216;<\/a><\/h4>\n<\/blockquote>\n<p><script async=\"\" src=\"https:\/\/cdn.embedly.com\/widgets\/platform.js\" charset=\"UTF-8\"><\/script><\/p>\n","protected":false},"excerpt":{"rendered":"<p>Anspruchsvolle Rennradtour durch die eindr\u00fcckliche Bergwelt der Glarner und Schwyzer Alpen.<\/p>\n","protected":false},"author":1,"featured_media":215,"parent":269,"menu_order":0,"comment_status":"open","ping_status":"closed","template":"","meta":{"_acf_changed":false,"_seopress_robots_primary_cat":"","_seopress_titles_title":"","_seopress_titles_desc":"","_seopress_robots_index":"","dwc-title":["Wichtige Infos"],"dwc-content":["Die Abfahrt vom Pragelpass nach Muotathal ist schmal, steil und un\u00fcbersichtlich, zudem mit diversen Weidrosten gespickt, auf der Muotathaler Seite muss zudem mit Gegenverkehr gerechnet werden.\r\n\r\nSamstags und sonntags gilt auf der Glarner Seite von Richisau bis zur Pragel-Passh\u00f6he ein Fahrverbot f\u00fcr motorisierte Fahrzeuge."],"ngg_post_thumbnail":0,"footnotes":""},"categories":[4],"tags":[35],"class_list":{"0":"post-211","1":"page","2":"type-page","3":"status-publish","4":"has-post-thumbnail","6":"category-rennrad","7":"tag-gl"},"acf":{"gpx-download":217},"_links":{"self":[{"href":"https:\/\/www.einsiedeln.bike\/cms\/wp-json\/wp\/v2\/pages\/211","targetHints":{"allow":["GET"]}}],"collection":[{"href":"https:\/\/www.einsiedeln.bike\/cms\/wp-json\/wp\/v2\/pages"}],"about":[{"href":"https:\/\/www.einsiedeln.bike\/cms\/wp-json\/wp\/v2\/types\/page"}],"author":[{"embeddable":true,"href":"https:\/\/www.einsiedeln.bike\/cms\/wp-json\/wp\/v2\/users\/1"}],"replies":[{"embeddable":true,"href":"https:\/\/www.einsiedeln.bike\/cms\/wp-json\/wp\/v2\/comments?post=211"}],"version-history":[{"count":13,"href":"https:\/\/www.einsiedeln.bike\/cms\/wp-json\/wp\/v2\/pages\/211\/revisions"}],"predecessor-version":[{"id":1382,"href":"https:\/\/www.einsiedeln.bike\/cms\/wp-json\/wp\/v2\/pages\/211\/revisions\/1382"}],"up":[{"embeddable":true,"href":"https:\/\/www.einsiedeln.bike\/cms\/wp-json\/wp\/v2\/pages\/269"}],"wp:featuredmedia":[{"embeddable":true,"href":"https:\/\/www.einsiedeln.bike\/cms\/wp-json\/wp\/v2\/media\/215"}],"wp:attachment":[{"href":"https:\/\/www.einsiedeln.bike\/cms\/wp-json\/wp\/v2\/media?parent=211"}],"wp:term":[{"taxonomy":"category","embeddable":true,"href":"https:\/\/www.einsiedeln.bike\/cms\/wp-json\/wp\/v2\/categories?post=211"},{"taxonomy":"post_tag","embeddable":true,"href":"https:\/\/www.einsiedeln.bike\/cms\/wp-json\/wp\/v2\/tags?post=211"}],"curies":[{"name":"wp","href":"https:\/\/api.w.org\/{rel}","templated":true}]}}