{"id":179,"date":"2016-05-15T22:45:53","date_gmt":"2016-05-15T20:45:53","guid":{"rendered":"http:\/\/www.einsiedeln.bike\/cms\/?page_id=179"},"modified":"2019-06-19T06:04:46","modified_gmt":"2019-06-19T04:04:46","slug":"haggenegg-sattel","status":"publish","type":"page","link":"https:\/\/www.einsiedeln.bike\/cms\/rundtouren\/haggenegg-sattel\/","title":{"rendered":"Haggenegg &#8211; Sattel"},"content":{"rendered":"\t\t<div id=\"maps-marker-pro-6caf25a9\" class=\"maps-marker-pro\" style=\"width: 100%;\">\n\t\t\t<div id=\"mmp-map-wrap-6caf25a9\" class=\"mmp-map-wrap\">\n\t\t\t\t\t\t\t\t\t<div id=\"mmp-panel-6caf25a9\" class=\"mmp-panel\"><\/div>\n\t\t\t\t\t\t\t\t<div id=\"mmp-map-6caf25a9\" class=\"mmp-map\" style=\"height: 480px;\"><\/div>\n\t\t\t\t\t\t\t\t\t<div id=\"mmp-chart-wrap-6caf25a9\" class=\"mmp-gpx-chart-wrap\" style=\"height: 100px;\"><\/div>\n\t\t\t\t\t\t\t<\/div>\n\t\t\t\t\t<\/div>\n\t\t\n<p><a href=\"https:\/\/www.einsiedeln.bike\/cms\/wp-content\/uploads\/2019\/06\/haggenegg-sattel-mtb.gpx\"><i class=\"wp-svg-safari safari\"><\/i> GPX-Download<\/a><\/p>\n<p>Wir rollen los in s\u00fcdlicher Richtung via Grotzenm\u00fchle und passieren kurz danach das Frauenkloster Au, welches zum Einsiedler Viertel Trachslau geh\u00f6rt. Kurz nach Trachslau traversieren wir die Hauptstrasse und radeln in der Folge bis kurz vor Brunni \u00f6stlich der Hauptstrasse dem Fluss Alp folgend weiter. Nach ziemlich genau zehn Fahrkilometer gehts erneut auf die andere Seite der Hauptstrasse. Nun folgt eine erste kurze, aber knackig steile Passage, welche den Puls richtig in die H\u00f6he treibt, wer fahren kann bleibt im Sattel, wer absteigt schiebt einige Meter. Kurz darauf&nbsp; biegen wir rechts in die asphaltierte Steigung zur Haggenegg ein. Bis auf die H\u00f6he von 1328 Meter ist die Strasse geteert, ehe wir links in den Naturweg mit betonierten Abschnitten zur Haggenegg abzweigen. Kurz vor dem Erreichen der Haggenegg-Passh\u00f6he passieren wir linksseitig die Alpk\u00e4serei Gummen.<br \/>\nDie Haggenegg bietet nebst einer wundersch\u00f6nen Aussicht auf den Talkessel von Schwyz ein einladendes Gasthaus, eine kurze Rast auf der sonnigen Terrasse l\u00e4sst die Anstrengungen des Aufstiegs schnell vergessen. Weiter geht es danach abfallend die Holzkapelle Haggenegg passierend, an deren Stelle der \u00dcberlieferung nach 1798 die Schwarze Madonna von Einsiedeln in einer Kiste vergraben wurde, um sie vor den franz\u00f6sischen Truppen zu sch\u00fctzen. Steil abfallend folgen wir der Strasse und passieren 2 Serpentinen, bevor es rechts weg wieder hochprozentig bergan geht zur Mostelegg. Alternativ zu dieser Route f\u00fchrt ein Singletrail-Fussweg der H\u00f6henlinie entlang zu Mostelegg. Nun sind wir im beliebten Familien-Ausfluggebiet von Sattel-Hochstuckli. Hier gibt es gleich mehrere Einkehrm\u00f6glichkeiten. Vom Mostelberg nehmen wir nach der ersten Serpentine den Singletrail-Wiesenweg, wer es weniger steil mag kann auch der Asphaltstrasse folgen.<br \/>\nIn Sattel folgen wir der n\u00f6rdlich der Hauptstrasse verlaufenden Veloroute in Richtung Rothenturm. Nach der Passage von Rothenturm traversieren wir das ber\u00fchmte Moorgebiet. In der 3. Altmatt \u00fcberqueren wir die vielbefahrene Kantonsstrasse, biegen jedoch gleich rechts ab in Richtung Chatzenstrick. Nochmals 150 H\u00f6henmeter sind zu bew\u00e4ltigen bis zum Chatzenstrick, von welchem wir einen wundersch\u00f6nen Ausblick auf Einsiedeln haben. Mit Schwung gehts zur\u00fcck nach Einsiedeln, das Spital und die Brauerei Rosengarten passieren wir wenige hundert Meter vor dem Abschluss der Tour.<\/p>\n","protected":false},"excerpt":{"rendered":"<p>Durchs Alpthal zur Haggenegg und zur\u00fcck via Sattel und das Rothenthurmer Moor.<\/p>\n","protected":false},"author":1,"featured_media":627,"parent":269,"menu_order":0,"comment_status":"open","ping_status":"closed","template":"","meta":{"_acf_changed":false,"_seopress_robots_primary_cat":"","_seopress_titles_title":"","_seopress_titles_desc":"","_seopress_robots_index":"","dwc-title":[""],"dwc-content":[""],"ngg_post_thumbnail":0,"footnotes":""},"categories":[3],"tags":[40],"class_list":{"0":"post-179","1":"page","2":"type-page","3":"status-publish","4":"has-post-thumbnail","6":"category-mountain-bike","7":"tag-sattel"},"acf":{"gpx-download":0},"_links":{"self":[{"href":"https:\/\/www.einsiedeln.bike\/cms\/wp-json\/wp\/v2\/pages\/179","targetHints":{"allow":["GET"]}}],"collection":[{"href":"https:\/\/www.einsiedeln.bike\/cms\/wp-json\/wp\/v2\/pages"}],"about":[{"href":"https:\/\/www.einsiedeln.bike\/cms\/wp-json\/wp\/v2\/types\/page"}],"author":[{"embeddable":true,"href":"https:\/\/www.einsiedeln.bike\/cms\/wp-json\/wp\/v2\/users\/1"}],"replies":[{"embeddable":true,"href":"https:\/\/www.einsiedeln.bike\/cms\/wp-json\/wp\/v2\/comments?post=179"}],"version-history":[{"count":22,"href":"https:\/\/www.einsiedeln.bike\/cms\/wp-json\/wp\/v2\/pages\/179\/revisions"}],"predecessor-version":[{"id":948,"href":"https:\/\/www.einsiedeln.bike\/cms\/wp-json\/wp\/v2\/pages\/179\/revisions\/948"}],"up":[{"embeddable":true,"href":"https:\/\/www.einsiedeln.bike\/cms\/wp-json\/wp\/v2\/pages\/269"}],"wp:featuredmedia":[{"embeddable":true,"href":"https:\/\/www.einsiedeln.bike\/cms\/wp-json\/wp\/v2\/media\/627"}],"wp:attachment":[{"href":"https:\/\/www.einsiedeln.bike\/cms\/wp-json\/wp\/v2\/media?parent=179"}],"wp:term":[{"taxonomy":"category","embeddable":true,"href":"https:\/\/www.einsiedeln.bike\/cms\/wp-json\/wp\/v2\/categories?post=179"},{"taxonomy":"post_tag","embeddable":true,"href":"https:\/\/www.einsiedeln.bike\/cms\/wp-json\/wp\/v2\/tags?post=179"}],"curies":[{"name":"wp","href":"https:\/\/api.w.org\/{rel}","templated":true}]}}