{"id":175,"date":"2016-05-15T21:23:57","date_gmt":"2016-05-15T19:23:57","guid":{"rendered":"http:\/\/www.einsiedeln.bike\/cms\/?page_id=175"},"modified":"2023-10-02T21:43:23","modified_gmt":"2023-10-02T19:43:23","slug":"um-die-mythen-ins-ybrig","status":"publish","type":"page","link":"https:\/\/www.einsiedeln.bike\/cms\/rundtouren\/um-die-mythen-ins-ybrig\/","title":{"rendered":"Mythen &#8211; Ibergeregg"},"content":{"rendered":"\t\t<div id=\"maps-marker-pro-7cb47814\" class=\"maps-marker-pro\" style=\"width: 100%;\">\n\t\t\t<div id=\"mmp-map-wrap-7cb47814\" class=\"mmp-map-wrap\">\n\t\t\t\t\t\t\t\t\t<div id=\"mmp-panel-7cb47814\" class=\"mmp-panel\"><\/div>\n\t\t\t\t\t\t\t\t<div id=\"mmp-map-7cb47814\" class=\"mmp-map\" style=\"height: 350px;\"><\/div>\n\t\t\t\t\t\t\t\t\t<div id=\"mmp-chart-wrap-7cb47814\" class=\"mmp-gpx-chart-wrap\" style=\"height: 100px;\"><\/div>\n\t\t\t\t\t\t\t<\/div>\n\t\t\t\t\t<\/div>\n\t\t\n<p><strong>Eine landschaftlich sehr abwechslungsreiche Biketour rund um die Mythen welche mit reichlich H\u00f6henmeter gespickt ist.<\/strong><\/p>\n<p>Wir rollen los in s\u00fcdlicher Richtung via Grotzenm\u00fchle und passieren kurz danach das Frauenkloster Au, welches zum Einsiedler Viertel Trachslau geh\u00f6rt. Kurz nach Trachslau traversieren wir die Hauptstrasse und radeln in der Folge bis kurz vor Brunni \u00f6stlich der Hauptstrasse dem Fluss Alp folgend weiter. Nach ziemlich genau zehn Fahrkilometer gehts erneut auf die andere Seite der Hauptstrasse. Nun folgt eine erste kurze, aber knackig steile Passage, welche den Puls richtig in die H\u00f6he treibt, wer fahren kann bleibt im Sattel, wer absteigt schiebt einige Meter. Kurz darauf biegen wir rechts in die asphaltierte Steigung zur Haggenegg ein. Bis auf die H\u00f6he von 1328 Meter ist die Strasse geteert, ehe wir links in den Naturweg mit betonierten Abschnitten zur Haggenegg abzweigen. Kurz vor dem Erreichen der Haggenegg-Passh\u00f6he passieren wir linksseitig die Alpk\u00e4serei Gummen.<br \/>\nAuf der Haggenegg lohnt sich eine Rast im Gasthaus, von der Terrasse geniessen wir die wundersch\u00f6ne Aussicht auf den Talkessel von Schwyz und den Vierwaldst\u00e4ttersee. Und wir k\u00f6nnen den weiteren Verlauf der Route schon mal studieren, geht es doch in der Folge direkt s\u00fcdlich vom Restaurant auf einem steil abfallenden Single-Trail in die Tiefe. Der Trail geht in der Folge in eine Forststrasse, sp\u00e4ter eine schmale Asphalt-Strasse \u00fcber. Es gilt hier, den Routenverlauf genau im Auge zu behalten (trotz der sausenden Abfahrt) um die richtige Abzweigung nicht zu verpassen.<br \/>\nVia Huserenberg (hier unterqueren wir die Luftseilbahn Rickenbach &#8211; Rothenflue) finden wir zur Ibergeregg-Passstrasse, welcher wir jedoch nur kurz folgen und noch vor der Handgruobi links abzweigen. Via Lauenen gehts zur M\u00fcsliegg, teils recht steil, aber durchaus fahrbar. Wir folgen dem Weg Richtung Ibergeregg und passieren die Alpwirtschaft Zw\u00e4cken und die Sonnenh\u00fctte. Kurz vor der Ibergeregg, genau gesagt am Ende des Ibergeregg-Parkplatzes nehmen wir links den alten Schwyzerweg, der uns auf einem Pfad mit viel Flow zur Talstation Laucheren nach Oberiberg f\u00fchrt. Ab hier geht es fortan auf viel Asphalt zur\u00fcck Richtung Einsiedeln, in Gross biegen wir links ab und fahren \u00fcber den Ch\u00e4len retour an den Ausgangspunkt.<\/p>\n<p><strong>Alternativen<br \/>\n<\/strong>Die steile Abfahrt auf dem Trail (Fussweg) von der Haggenegg ist nur technisch ge\u00fcbten Fahrern zu empfehlen. Zudem gilt es hier besonders R\u00fccksicht auf die Wanderer zu nehmen. Wer den Abschnitt umfahren will, kann der asphaltierten Zufahrtsstrasse folgen, welche in der Karte mit grauer Linie dargestellt ist.<\/p>\n<p>Der Aufstieg zur Krete kann auch westlich der Rotenflue via St\u00e4glerenegg erfolgen, die Steilheit und die H\u00f6henmeter sind jedoch \u00e4hnlich wie die Steigung via Lauenen.<\/p>\n","protected":false},"excerpt":{"rendered":"<p>Anspruchsvolle Biketour um die Mythen mit R\u00fcckfahrt via Ybrig.<\/p>\n","protected":false},"author":1,"featured_media":592,"parent":269,"menu_order":0,"comment_status":"open","ping_status":"closed","template":"","meta":{"_acf_changed":false,"_seopress_robots_primary_cat":"","_seopress_titles_title":"","_seopress_titles_desc":"","_seopress_robots_index":"","dwc-title":["Achtung Kuhweiden"],"dwc-content":["Im Sommer sind die Alpweiden oft von Kuhherden besetzt, bitte mit der entsprechenden Vorsicht fahren. Bitte auch immer Kuhgatter wieder schliessen."],"ngg_post_thumbnail":0,"footnotes":""},"categories":[3],"tags":[],"class_list":{"0":"post-175","1":"page","2":"type-page","3":"status-publish","4":"has-post-thumbnail","6":"category-mountain-bike"},"acf":{"gpx-download":""},"_links":{"self":[{"href":"https:\/\/www.einsiedeln.bike\/cms\/wp-json\/wp\/v2\/pages\/175","targetHints":{"allow":["GET"]}}],"collection":[{"href":"https:\/\/www.einsiedeln.bike\/cms\/wp-json\/wp\/v2\/pages"}],"about":[{"href":"https:\/\/www.einsiedeln.bike\/cms\/wp-json\/wp\/v2\/types\/page"}],"author":[{"embeddable":true,"href":"https:\/\/www.einsiedeln.bike\/cms\/wp-json\/wp\/v2\/users\/1"}],"replies":[{"embeddable":true,"href":"https:\/\/www.einsiedeln.bike\/cms\/wp-json\/wp\/v2\/comments?post=175"}],"version-history":[{"count":14,"href":"https:\/\/www.einsiedeln.bike\/cms\/wp-json\/wp\/v2\/pages\/175\/revisions"}],"predecessor-version":[{"id":1534,"href":"https:\/\/www.einsiedeln.bike\/cms\/wp-json\/wp\/v2\/pages\/175\/revisions\/1534"}],"up":[{"embeddable":true,"href":"https:\/\/www.einsiedeln.bike\/cms\/wp-json\/wp\/v2\/pages\/269"}],"wp:featuredmedia":[{"embeddable":true,"href":"https:\/\/www.einsiedeln.bike\/cms\/wp-json\/wp\/v2\/media\/592"}],"wp:attachment":[{"href":"https:\/\/www.einsiedeln.bike\/cms\/wp-json\/wp\/v2\/media?parent=175"}],"wp:term":[{"taxonomy":"category","embeddable":true,"href":"https:\/\/www.einsiedeln.bike\/cms\/wp-json\/wp\/v2\/categories?post=175"},{"taxonomy":"post_tag","embeddable":true,"href":"https:\/\/www.einsiedeln.bike\/cms\/wp-json\/wp\/v2\/tags?post=175"}],"curies":[{"name":"wp","href":"https:\/\/api.w.org\/{rel}","templated":true}]}}