{"id":1222,"date":"2019-10-07T12:43:28","date_gmt":"2019-10-07T10:43:28","guid":{"rendered":"https:\/\/www.einsiedeln.bike\/cms\/?page_id=1222"},"modified":"2020-06-28T18:40:11","modified_gmt":"2020-06-28T16:40:11","slug":"sihlsee","status":"publish","type":"page","link":"https:\/\/www.einsiedeln.bike\/cms\/rundtouren\/sihlsee\/","title":{"rendered":"Sihlsee"},"content":{"rendered":"\t\t<div id=\"maps-marker-pro-d93b5077\" class=\"maps-marker-pro\" style=\"width: 100%;\">\n\t\t\t<div id=\"mmp-map-wrap-d93b5077\" class=\"mmp-map-wrap\">\n\t\t\t\t\t\t\t\t<div id=\"mmp-map-d93b5077\" class=\"mmp-map\" style=\"height: 480px;\"><\/div>\n\t\t\t\t\t\t\t\t\t<div id=\"mmp-chart-wrap-d93b5077\" class=\"mmp-gpx-chart-wrap\" style=\"height: 100px;\"><\/div>\n\t\t\t\t\t\t\t<\/div>\n\t\t\t\t\t<\/div>\n\t\t\n<p><a href=\"https:\/\/www.einsiedeln.bike\/cms\/index.php?mapsmarkerpro=download_gpx&amp;url=https:\/\/www.einsiedeln.bike\/cms\/wp-content\/uploads\/2019\/10\/sihlsee.gpx\"><i class=\"wp-svg-safari safari\"><\/i> GPX-Download<\/a><\/p>\n<p><strong>Die einfachste Rundtour um die wundersch\u00f6ne Umgebung des Sihlsees auf zwei R\u00e4dern zu erkunden.<\/strong><\/p>\n<p>Wir verlassen Einsiedeln, das Kloster zur rechten passierend, \u00fcber die Etzelstrasse welche uns ans Ufer des Sihlsees f\u00fchrt. Bald passieren wir die Einsiedler Badi in der Roblosen und traversieren kurze Zeit sp\u00e4ter die Staumauer. In der Folge geht es dem Ostufer des Sihlsee entlang zum Camping &#8222;Gr\u00fcene Aff&#8220;, wo sich f\u00fcr durstige durchaus eine Einkehr lohnt. Weiter gehts durch den Viertel Willerzell, zwischen Willerzell und dem Steinbach-Viadukt passieren wir eine Stelle, an welcher sich bei windigen Verh\u00e4ltnissen zahlreiche Kiter auf dem See vergn\u00fcgen. Beim Parkplatz Ruostel erreichen die engste Stelle des Sihlsees, wer nicht mehr mag kann \u00fcber den Viadukt abk\u00fcrzen. Weiter gehts nach Euthal, hier k\u00f6nnen wir dem Strassenverlauf folgen oder wie in der Karte dargestellt f\u00fcr einen knappen Kilometer den wundersch\u00f6n angelegten Seeuferweg (Naturstrasse) nehmen. Danach folgt die Route f\u00fcr anderthalb Kilometer der Hauptstrasse Richtung Unteriberg, nach der \u00dcberquerung des Sihlzuflusses erreichen wir den hinteren Wendepunkt und zweigen rechts auf ein Nebenstr\u00e4sschen ab. Quasi verkehrsfrei gehts nun bis zum Westende des Steinbach-Viaduktes, ab dort auf dem Radstreifen der Hauptstrasse folgend ins Gross. Eine sanfter Anstieg f\u00fchrt zum Birchli wo wir links abzweigen nach Einsiedeln. Beim Kloster geradeaus haltend rollen via Eisenbahnstrasse zur\u00fcck an den Ausgangspunkt Bahnhof Einsiedeln.<\/p>\n","protected":false},"excerpt":{"rendered":"<p>Gem\u00fctliche Rundtour um den wundersch\u00f6nen Sihlsee.<\/p>\n","protected":false},"author":1,"featured_media":1230,"parent":269,"menu_order":0,"comment_status":"open","ping_status":"closed","template":"","meta":{"_acf_changed":false,"_seopress_robots_primary_cat":"","_seopress_titles_title":"","_seopress_titles_desc":"","_seopress_robots_index":"","dwc-title":[""],"dwc-content":[""],"ngg_post_thumbnail":0,"footnotes":""},"categories":[9,4],"tags":[],"class_list":{"0":"post-1222","1":"page","2":"type-page","3":"status-publish","4":"has-post-thumbnail","6":"category-mixed","7":"category-rennrad"},"acf":{"gpx-download":""},"_links":{"self":[{"href":"https:\/\/www.einsiedeln.bike\/cms\/wp-json\/wp\/v2\/pages\/1222","targetHints":{"allow":["GET"]}}],"collection":[{"href":"https:\/\/www.einsiedeln.bike\/cms\/wp-json\/wp\/v2\/pages"}],"about":[{"href":"https:\/\/www.einsiedeln.bike\/cms\/wp-json\/wp\/v2\/types\/page"}],"author":[{"embeddable":true,"href":"https:\/\/www.einsiedeln.bike\/cms\/wp-json\/wp\/v2\/users\/1"}],"replies":[{"embeddable":true,"href":"https:\/\/www.einsiedeln.bike\/cms\/wp-json\/wp\/v2\/comments?post=1222"}],"version-history":[{"count":7,"href":"https:\/\/www.einsiedeln.bike\/cms\/wp-json\/wp\/v2\/pages\/1222\/revisions"}],"predecessor-version":[{"id":1378,"href":"https:\/\/www.einsiedeln.bike\/cms\/wp-json\/wp\/v2\/pages\/1222\/revisions\/1378"}],"up":[{"embeddable":true,"href":"https:\/\/www.einsiedeln.bike\/cms\/wp-json\/wp\/v2\/pages\/269"}],"wp:featuredmedia":[{"embeddable":true,"href":"https:\/\/www.einsiedeln.bike\/cms\/wp-json\/wp\/v2\/media\/1230"}],"wp:attachment":[{"href":"https:\/\/www.einsiedeln.bike\/cms\/wp-json\/wp\/v2\/media?parent=1222"}],"wp:term":[{"taxonomy":"category","embeddable":true,"href":"https:\/\/www.einsiedeln.bike\/cms\/wp-json\/wp\/v2\/categories?post=1222"},{"taxonomy":"post_tag","embeddable":true,"href":"https:\/\/www.einsiedeln.bike\/cms\/wp-json\/wp\/v2\/tags?post=1222"}],"curies":[{"name":"wp","href":"https:\/\/api.w.org\/{rel}","templated":true}]}}