{"id":1205,"date":"2019-09-14T19:15:26","date_gmt":"2019-09-14T17:15:26","guid":{"rendered":"https:\/\/www.einsiedeln.bike\/cms\/?page_id=1205"},"modified":"2023-09-25T20:53:30","modified_gmt":"2023-09-25T18:53:30","slug":"spirstock","status":"publish","type":"page","link":"https:\/\/www.einsiedeln.bike\/cms\/rundtouren\/spirstock\/","title":{"rendered":"Spirstock"},"content":{"rendered":"\t\t<div id=\"maps-marker-pro-3a87b8af\" class=\"maps-marker-pro\" style=\"width: 100%;\">\n\t\t\t<div id=\"mmp-map-wrap-3a87b8af\" class=\"mmp-map-wrap\">\n\t\t\t\t\t\t\t\t\t<div id=\"mmp-panel-3a87b8af\" class=\"mmp-panel\"><\/div>\n\t\t\t\t\t\t\t\t<div id=\"mmp-map-3a87b8af\" class=\"mmp-map\" style=\"height: 480px;\"><\/div>\n\t\t\t\t\t\t\t\t\t<div id=\"mmp-chart-wrap-3a87b8af\" class=\"mmp-gpx-chart-wrap\" style=\"height: 100px;\"><\/div>\n\t\t\t\t\t\t\t<\/div>\n\t\t\t\t\t<\/div>\n\t\t\n<p><a href=\"https:\/\/www.einsiedeln.bike\/cms\/wp-content\/uploads\/2023\/09\/spirstock.gpx\"><i class=\"wp-svg-safari safari\"><\/i> GPX-Download<\/a><\/p>\n<p>Wir rollen los in s\u00fcdlicher Richtung&nbsp; entlang der Alp zur Grotzenm\u00fchle und passieren kurz danach das Frauenkloster Au, welches zum Einsiedler Viertel Trachslau geh\u00f6rt. Kurz nach Trachslau traversieren wir die Hauptstrasse und radeln in der Folge bis kurz vor Brunni \u00f6stlich der Hauptstrasse dem Fluss Alp folgend (mal westlich, mal \u00f6stlich des Baches) weiter. Nach rund zehn Fahrkilometer gehts erneut auf die andere Seite der Hauptstrasse. Nun folgt eine erste kurze, aber knackig steile Passage, welche den Puls richtig in die H\u00f6he treibt, e-Bikes sind hier klar im Vorteil. Wer fahren kann bleibt im Sattel, wer absteigt schiebt einige Meter. In der Folge erreichen wir die asphaltierte Strasse welche zur Hageneck f\u00fchrt, wir rollen jedoch hinunter ins Brunni. Nach \u00dcberquerung der Hauptstrasse geht es die angenehme Steigung zur M\u00fcsliegg hoch, welche weitgehend geteert ist.<br \/>\nAuf der M\u00fcsliegg biegen wir links ab Richtung Alpwirtschaft Zw\u00e4cken. Wer schon Hunger hat, dem sei hier eine Einkehr empfohlen. In der Folge biken wir auf dem viel begangenen Weg zur Ibergeregg weiter, hier ist definitiv R\u00fccksichtsnahme auf die Wanderer und Spazierg\u00e4nger angesagt. Weitere M\u00f6glichkeiten f\u00fcr eine Einkehr bieten sich in der Sonnenh\u00fctte und im Restaurant auf der Passh\u00f6he der Ibergeregg (1406 m). Auf der Ibergeregg geht es f\u00fcr 350 Meter der Passstrasse Richtung Schwyz folgend bergab, ehe wir die Abzweigung in den teils ruppigen Trail zum Ober Altberg abbiegen. In diesem Abschnitt werden wir technisch ziemlich gefordert, mit 2-3 kurzen Schiebepassagen muss man rechnen. Wer nicht schieben will kann alternativ auf der Passstrasse weiter hinunter bis Punkt 1310 rollen und von dort die gut fahrbare Alpstrasse zum Ober Altberg nehmen. Weiter geht es teils recht steil bergan, bei der Sternenegg geht es vor\u00fcbergehend kurz abw\u00e4rts und flach, ehe der technisch sehr anspruchsvolle Abschnitt zum Laucherenchappeli folgt. Der Weg hier ist teils sehr ruppig und mit grossen Steinen versetzt, wer alles fahren kann ist sowohl technisch wie auch konditionell top. Ab der Krete Windegg ist dann der anspruchsvollste Teil vollbracht und wir sehen die Kapelle und den Spirstock vor uns. Auf dem Spirstock (1771 m) ist dann definitiv eine Rast und Einkehr verdient.<\/p>\n<p>Im obersten Abschnitt der &#8222;Abfahrt&#8220; vom Spirstock sind 2 Treppenabschnitte vorhanden, auf denen Schieben angesagt ist. In der Folge rollen wir auf der geteerten Alpstrasse durch den Hoch Ybrig runter zum Seebli und (kurz wieder bergan) zur Fuederegg. Weiter geht es der Zufahrtsstrasse hinunter nach Oberiberg. Hier nehmen wir die Hauptstrasse nach Unteriberg. In Unteriberg zweigen wir kurz vor Ortsausgang links ab in die Brentenstrasse. Diese f\u00fchrt uns hinauf zum Schr\u00e4hwald und dann auf dem wundersch\u00f6nen H\u00f6henweg hoch \u00fcber dem Sihlsee via Unter Hummel zur Alp Tries. Ab hier geht es hinunter ins Obergross. Es folgt ein kurzer, lockerer Anstieg zum Ch\u00e4len, kurz danach verlassen wir die Teerstrasse und nehmen den neuen, speziell f\u00fcr Biker angelegten Verbindungsweg zum Friherrenberg. Von dort folgt die letzte Abfahrt hinunter nach Einsiedeln, welches wir r\u00fcckseitig vom Kloster erreichen.<\/p>\n","protected":false},"excerpt":{"rendered":"<p>Die Tour f\u00fchrt zum Spirstock, welcher eine tolle Aussicht auf die Region Hoch Ybrig bietet.<\/p>\n","protected":false},"author":1,"featured_media":1211,"parent":269,"menu_order":0,"comment_status":"open","ping_status":"closed","template":"","meta":{"_acf_changed":false,"_seopress_robots_primary_cat":"","_seopress_titles_title":"","_seopress_titles_desc":"","_seopress_robots_index":"","dwc-title":[""],"dwc-content":[""],"ngg_post_thumbnail":0,"footnotes":""},"categories":[3],"tags":[],"class_list":{"0":"post-1205","1":"page","2":"type-page","3":"status-publish","4":"has-post-thumbnail","6":"category-mountain-bike"},"acf":{"gpx-download":1469},"_links":{"self":[{"href":"https:\/\/www.einsiedeln.bike\/cms\/wp-json\/wp\/v2\/pages\/1205","targetHints":{"allow":["GET"]}}],"collection":[{"href":"https:\/\/www.einsiedeln.bike\/cms\/wp-json\/wp\/v2\/pages"}],"about":[{"href":"https:\/\/www.einsiedeln.bike\/cms\/wp-json\/wp\/v2\/types\/page"}],"author":[{"embeddable":true,"href":"https:\/\/www.einsiedeln.bike\/cms\/wp-json\/wp\/v2\/users\/1"}],"replies":[{"embeddable":true,"href":"https:\/\/www.einsiedeln.bike\/cms\/wp-json\/wp\/v2\/comments?post=1205"}],"version-history":[{"count":11,"href":"https:\/\/www.einsiedeln.bike\/cms\/wp-json\/wp\/v2\/pages\/1205\/revisions"}],"predecessor-version":[{"id":1474,"href":"https:\/\/www.einsiedeln.bike\/cms\/wp-json\/wp\/v2\/pages\/1205\/revisions\/1474"}],"up":[{"embeddable":true,"href":"https:\/\/www.einsiedeln.bike\/cms\/wp-json\/wp\/v2\/pages\/269"}],"wp:featuredmedia":[{"embeddable":true,"href":"https:\/\/www.einsiedeln.bike\/cms\/wp-json\/wp\/v2\/media\/1211"}],"wp:attachment":[{"href":"https:\/\/www.einsiedeln.bike\/cms\/wp-json\/wp\/v2\/media?parent=1205"}],"wp:term":[{"taxonomy":"category","embeddable":true,"href":"https:\/\/www.einsiedeln.bike\/cms\/wp-json\/wp\/v2\/categories?post=1205"},{"taxonomy":"post_tag","embeddable":true,"href":"https:\/\/www.einsiedeln.bike\/cms\/wp-json\/wp\/v2\/tags?post=1205"}],"curies":[{"name":"wp","href":"https:\/\/api.w.org\/{rel}","templated":true}]}}