{"id":1154,"date":"2019-08-25T10:40:16","date_gmt":"2019-08-25T08:40:16","guid":{"rendered":"https:\/\/www.einsiedeln.bike\/cms\/?page_id=1154"},"modified":"2019-10-07T16:28:40","modified_gmt":"2019-10-07T14:28:40","slug":"einsiedeln-muotathal","status":"publish","type":"page","link":"https:\/\/www.einsiedeln.bike\/cms\/streckentouren\/einsiedeln-muotathal\/","title":{"rendered":"Einsiedeln &#8211; Muotathal"},"content":{"rendered":"\t\t<div id=\"maps-marker-pro-73dd8171\" class=\"maps-marker-pro\" style=\"width: 100%;\">\n\t\t\t<div id=\"mmp-map-wrap-73dd8171\" class=\"mmp-map-wrap\">\n\t\t\t\t\t\t\t\t\t<div id=\"mmp-panel-73dd8171\" class=\"mmp-panel\"><\/div>\n\t\t\t\t\t\t\t\t<div id=\"mmp-map-73dd8171\" class=\"mmp-map\" style=\"height: 480px;\"><\/div>\n\t\t\t\t\t\t\t\t\t<div id=\"mmp-chart-wrap-73dd8171\" class=\"mmp-gpx-chart-wrap\" style=\"height: 100px;\"><\/div>\n\t\t\t\t\t\t\t<\/div>\n\t\t\t\t\t<\/div>\n\t\t\n<p><a href=\"https:\/\/www.einsiedeln.bike\/cms\/index.php?mapsmarkerpro=download_gpx&amp;url=https:\/\/www.einsiedeln.bike\/cms\/wp-content\/uploads\/2019\/08\/Einsiedeln-Muotathal.gpx\"><i class=\"wp-svg-safari safari\"><\/i> GPX-Download<\/a><\/p>\n<p>Wir rollen los in s\u00fcdlicher Richtung via Grotzenm\u00fchle und passieren kurz danach das Frauenkloster Au, welches zum Einsiedler Viertel Trachslau geh\u00f6rt. Kurz nach Trachslau traversieren wir die Hauptstrasse und radeln in der Folge bis kurz vor Brunni \u00f6stlich der Hauptstrasse dem Fluss Alp folgend weiter. Nach ziemlich genau zehn Fahrkilometer gehts erneut auf die andere Seite der Hauptstrasse. Nun folgt eine erste kurze, aber knackig steile Passage, welche den Puls richtig in die H\u00f6he treibt, wer fahren kann bleibt im Sattel, wer absteigt schiebt einige Meter. Weiter gehts beim Brunni \u00fcber die Hauptstrasse und auf der Gegenseite auf guter asphaltierter Strasse in Richtung M\u00fcsliegg. Erst der letzte Kilometer vor der M\u00fcsliegg verl\u00e4uft unbefestigt, auf grobem Schotter, aber problemlos fahrbar. Nach dem Erreichen des Grates nehmen wir gleich die abfallende Naturstrasse Richtung M\u00fcsliweid und biegen rund 200 Meter sp\u00e4ter in einer Spitzkehre in einen Wiesenpfad ein. Weiter gehts Richtung Grossenboden \/ Schnapsh\u00fctte (wo auf einem Alpstall seit 2012 eine Solaranlage in Betrieb ist) und anschliessend auf einem aus zwei betonierten Fahrstreifen bestehenden, k\u00fcrzlich neu erstellten steilen Alpweg zur Handgroubi, wo wir die Passstrasse zur Ibergeregg erreichen. F\u00fcr 700 Meter fahren wir auf der Passstrasse bergan, ehe die Route nach rechts abzweigt. Via St. Karl rollen wir nach Illgau hinab, dieser Teil ist durchwegs asphaltiert. In Illgau, kurz nach der Bergstation der Seilbahn Ried &#8211; Illgau, biegen wir links in ein unscheinbares Weglein ein, welches den Zugang zu einem ruppigen Downhill-Weg darstellt. Hier empfiehlt es sich, den Sattel einige Zentimeter tiefer zu stellen, damit wir in der folgenden steilen Abfahrt das K\u00f6rpergewicht maximalm\u00f6glich aufs Hinterrad verlegen k\u00f6nnen. Nach einigen Serpentinen erreichen wir die Talsohle des Muotathals, wo wir f\u00fcr 300 Meter in die Hauptstrasse einbiegen, diese jedoch bei der Br\u00fccke \u00fcber die Muota gleich wieder verlassen. \u00dcber den sch\u00f6n angelegten Ufertrail entlang der Muota erreichen wir die Gemeinde Muotathal.<\/p>\n","protected":false},"excerpt":{"rendered":"<p>Durchs Alpthal gehts zur M\u00fcsliegg und weiter nach Illgau und von dort auf einem ruppigen Downhill-Trail runter ins Muotathal.<\/p>\n","protected":false},"author":1,"featured_media":1159,"parent":267,"menu_order":0,"comment_status":"closed","ping_status":"closed","template":"","meta":{"_acf_changed":false,"_seopress_robots_primary_cat":"","_seopress_titles_title":"","_seopress_titles_desc":"","_seopress_robots_index":"","dwc-title":["Achtung Kuhweiden"],"dwc-content":["S\u00fcdlich der M\u00fcsliegg traversiert die Route einige Kuhweiden, bitte mit der n\u00f6tigen Vorsicht fahren und nicht vergessen die Kuhgatter wieder zu schliessen."],"ngg_post_thumbnail":0,"footnotes":""},"categories":[3],"tags":[42],"class_list":{"0":"post-1154","1":"page","2":"type-page","3":"status-publish","4":"has-post-thumbnail","6":"category-mountain-bike","7":"tag-muotathal"},"acf":[],"_links":{"self":[{"href":"https:\/\/www.einsiedeln.bike\/cms\/wp-json\/wp\/v2\/pages\/1154","targetHints":{"allow":["GET"]}}],"collection":[{"href":"https:\/\/www.einsiedeln.bike\/cms\/wp-json\/wp\/v2\/pages"}],"about":[{"href":"https:\/\/www.einsiedeln.bike\/cms\/wp-json\/wp\/v2\/types\/page"}],"author":[{"embeddable":true,"href":"https:\/\/www.einsiedeln.bike\/cms\/wp-json\/wp\/v2\/users\/1"}],"replies":[{"embeddable":true,"href":"https:\/\/www.einsiedeln.bike\/cms\/wp-json\/wp\/v2\/comments?post=1154"}],"version-history":[{"count":9,"href":"https:\/\/www.einsiedeln.bike\/cms\/wp-json\/wp\/v2\/pages\/1154\/revisions"}],"predecessor-version":[{"id":1198,"href":"https:\/\/www.einsiedeln.bike\/cms\/wp-json\/wp\/v2\/pages\/1154\/revisions\/1198"}],"up":[{"embeddable":true,"href":"https:\/\/www.einsiedeln.bike\/cms\/wp-json\/wp\/v2\/pages\/267"}],"wp:featuredmedia":[{"embeddable":true,"href":"https:\/\/www.einsiedeln.bike\/cms\/wp-json\/wp\/v2\/media\/1159"}],"wp:attachment":[{"href":"https:\/\/www.einsiedeln.bike\/cms\/wp-json\/wp\/v2\/media?parent=1154"}],"wp:term":[{"taxonomy":"category","embeddable":true,"href":"https:\/\/www.einsiedeln.bike\/cms\/wp-json\/wp\/v2\/categories?post=1154"},{"taxonomy":"post_tag","embeddable":true,"href":"https:\/\/www.einsiedeln.bike\/cms\/wp-json\/wp\/v2\/tags?post=1154"}],"curies":[{"name":"wp","href":"https:\/\/api.w.org\/{rel}","templated":true}]}}