{"id":1084,"date":"2019-06-19T09:45:32","date_gmt":"2019-06-19T07:45:32","guid":{"rendered":"https:\/\/www.einsiedeln.bike\/cms\/?page_id=1084"},"modified":"2019-06-20T16:53:01","modified_gmt":"2019-06-20T14:53:01","slug":"wildegg-st-meinrad","status":"publish","type":"page","link":"https:\/\/www.einsiedeln.bike\/cms\/rundtouren\/wildegg-st-meinrad\/","title":{"rendered":"Wildegg &#8211; St. Meinrad"},"content":{"rendered":"\t\t<div id=\"maps-marker-pro-2bb7a5d0\" class=\"maps-marker-pro\" style=\"width: 100%;\">\n\t\t\t<div id=\"mmp-map-wrap-2bb7a5d0\" class=\"mmp-map-wrap\">\n\t\t\t\t\t\t\t\t\t<div id=\"mmp-panel-2bb7a5d0\" class=\"mmp-panel\"><\/div>\n\t\t\t\t\t\t\t\t<div id=\"mmp-map-2bb7a5d0\" class=\"mmp-map\" style=\"height: 450px;\"><\/div>\n\t\t\t\t\t\t\t\t\t<div id=\"mmp-chart-wrap-2bb7a5d0\" class=\"mmp-gpx-chart-wrap\" style=\"height: 100px;\"><\/div>\n\t\t\t\t\t\t\t<\/div>\n\t\t\t\t\t<\/div>\n\t\t\n<p><a href=\"https:\/\/www.einsiedeln.bike\/cms\/index.php?mapsmarkerpro=download_gpx&amp;url=https:\/\/www.einsiedeln.bike\/cms\/wp-content\/uploads\/2019\/06\/wildegg-st-meinrad.gpx\"><i class=\"wp-svg-safari safari\"><\/i> GPX-Download<\/a><\/p>\n<p>Die Tour f\u00fchrt uns am s\u00fcdlichen Ortsausgang von Einsiedeln \u00fcber den Ch\u00e4len ins Gross und weiter flach und vorwiegend asphaltiert nach Studen. Hier empfieht es sich, die Trinkflaschen bei Bedarf nachzuf\u00fcllen, folgt doch gleich eine lange Steigung von insgesamt knapp 800 H\u00f6henmetern zur Wildegg. Auf durchwegs asphaltierter Strasse geht es den S\u00fcdhang hinauf, die durchschnittliche Steigung betr\u00e4gt ca. 11%. Wir passieren die Duli-Alp, wo der weit \u00fcber die Region hinaus bekannte Duli Alpk\u00e4se herstammt. Auf der Wisstanne, genau gesagt beim Pt. 1377, geht es in einer Spitzkehre in Richtung Wildegg, etwas sp\u00e4ter f\u00e4llt die Strasse vor\u00fcbergehend nochmals, ehe es zum Schluss nochmals richtig steil zur Wildegg hinauf geht. Auf der Wildegg erwartet uns eine grandiose Aussicht und eine kleine Alpwirtschaft.<br \/>\nNun folgt ein Trail entlang des Westabhangs des Chli Aubrig, dieser Trail hat abschnittsweise einige t\u00fcckische Stellen, und da der Abhang steil abf\u00e4llt gilt hier im Zweifelsfall vorher absteigen und einige Meter schieben. Auf dem ganzen Abschnitt bieten sich tolle Ausblicke, mal zur linken in Richtung Euthal \/ Sihlsee, mal zur rechten in Richtung Linthebene. Bald geht der Trail wieder in einen Alpweg \u00fcber und wir erreichen im Nu die Sattelegg. Hier geht es geradeaus weiter und wieder, nun nur noch leicht ansteigend, etwas hinauf in Richtung Guteregg. Das Restaurant Guteregg liegt nicht direkt am Weg und ist etwas zur\u00fcckversetzt zur rechten. Diese Verbindungsstrasse wurde w\u00e4hrend dem 2. Weltkrieg von internierten polnischen Soldaten erbaut, ein Gedenkstein kurz vor der Gruebh\u00f6chi erinnert daran. Von hier geht es dann wieder auf Trails weiter via Wissegg zur Ch\u00f6rnlisegg und weiter zum St. Meinrad \/ Etzelpass. Nach Einsiedeln zur\u00fcck finden wir auf der asphaltieren Strasse via Teufelsbr\u00fccke &#8211; Galgenchappeli.<\/p>\n<p>&nbsp;<\/p>\n","protected":false},"excerpt":{"rendered":"<p>Eine lange Steigung zur etwas versteckt gelegenen Wildegg, anschliessend gehts auf H\u00f6henwegen via Sattelegg, Gueteregg und Ch\u00f6rnlisegg zum Etzelpass.<\/p>\n","protected":false},"author":1,"featured_media":1092,"parent":269,"menu_order":0,"comment_status":"closed","ping_status":"closed","template":"","meta":{"_acf_changed":false,"_seopress_robots_primary_cat":"","_seopress_titles_title":"","_seopress_titles_desc":"","_seopress_robots_index":"","dwc-title":[""],"dwc-content":[""],"ngg_post_thumbnail":0,"footnotes":""},"categories":[3],"tags":[],"class_list":{"0":"post-1084","1":"page","2":"type-page","3":"status-publish","4":"has-post-thumbnail","6":"category-mountain-bike"},"acf":{"gpx-download":""},"_links":{"self":[{"href":"https:\/\/www.einsiedeln.bike\/cms\/wp-json\/wp\/v2\/pages\/1084","targetHints":{"allow":["GET"]}}],"collection":[{"href":"https:\/\/www.einsiedeln.bike\/cms\/wp-json\/wp\/v2\/pages"}],"about":[{"href":"https:\/\/www.einsiedeln.bike\/cms\/wp-json\/wp\/v2\/types\/page"}],"author":[{"embeddable":true,"href":"https:\/\/www.einsiedeln.bike\/cms\/wp-json\/wp\/v2\/users\/1"}],"replies":[{"embeddable":true,"href":"https:\/\/www.einsiedeln.bike\/cms\/wp-json\/wp\/v2\/comments?post=1084"}],"version-history":[{"count":6,"href":"https:\/\/www.einsiedeln.bike\/cms\/wp-json\/wp\/v2\/pages\/1084\/revisions"}],"predecessor-version":[{"id":1095,"href":"https:\/\/www.einsiedeln.bike\/cms\/wp-json\/wp\/v2\/pages\/1084\/revisions\/1095"}],"up":[{"embeddable":true,"href":"https:\/\/www.einsiedeln.bike\/cms\/wp-json\/wp\/v2\/pages\/269"}],"wp:featuredmedia":[{"embeddable":true,"href":"https:\/\/www.einsiedeln.bike\/cms\/wp-json\/wp\/v2\/media\/1092"}],"wp:attachment":[{"href":"https:\/\/www.einsiedeln.bike\/cms\/wp-json\/wp\/v2\/media?parent=1084"}],"wp:term":[{"taxonomy":"category","embeddable":true,"href":"https:\/\/www.einsiedeln.bike\/cms\/wp-json\/wp\/v2\/categories?post=1084"},{"taxonomy":"post_tag","embeddable":true,"href":"https:\/\/www.einsiedeln.bike\/cms\/wp-json\/wp\/v2\/tags?post=1084"}],"curies":[{"name":"wp","href":"https:\/\/api.w.org\/{rel}","templated":true}]}}